{"id":41754,"date":"2020-09-12T17:31:47","date_gmt":"2020-09-12T17:31:47","guid":{"rendered":"https:\/\/www.propertyforsalegrancanaria.com\/boletin\/"},"modified":"2026-03-13T16:53:36","modified_gmt":"2026-03-13T16:53:36","slug":"boletin","status":"publish","type":"page","link":"https:\/\/www.propertyforsalegrancanaria.com\/es\/boletin\/","title":{"rendered":"Bolet\u00edn"},"content":{"rendered":"\n\n\n<\/p>\n<p>\n\n\n","protected":false},"excerpt":{"rendered":"","protected":false},"author":1,"featured_media":34405,"parent":0,"menu_order":0,"comment_status":"closed","ping_status":"closed","template":"","meta":{"footnotes":""},"class_list":["post-41754","page","type-page","status-publish","has-post-thumbnail","hentry"],"yoast_head":"<!-- This site is optimized with the Yoast SEO Premium plugin v27.4 (Yoast SEO v27.5) - https:\/\/yoast.com\/product\/yoast-seo-premium-wordpress\/ -->\n<title>Bolet\u00edn - Property for sale Gran Canaria<\/title>\n<meta name=\"description\" content=\"Suscr\u00edbete a nuestro Bolet\u00edn para estar al d\u00eda de las nuevas propuestas inmobiliarias en Gran Canaria.\" \/>\n<meta name=\"robots\" content=\"index, follow, max-snippet:-1, max-image-preview:large, max-video-preview:-1\" \/>\n<link rel=\"canonical\" href=\"https:\/\/www.propertyforsalegrancanaria.com\/es\/boletin\/\" \/>\n<meta property=\"og:locale\" content=\"es_ES\" \/>\n<meta property=\"og:type\" content=\"article\" \/>\n<meta property=\"og:title\" content=\"Bolet\u00edn\" \/>\n<meta property=\"og:description\" content=\"Suscr\u00edbete a nuestro Bolet\u00edn para estar al d\u00eda de las nuevas propuestas inmobiliarias en Gran Canaria.\" \/>\n<meta property=\"og:url\" content=\"https:\/\/www.propertyforsalegrancanaria.com\/es\/boletin\/\" \/>\n<meta property=\"og:site_name\" content=\"Property for sale Gran Canaria\" \/>\n<meta property=\"article:publisher\" content=\"https:\/\/www.facebook.com\/DANIELEPICCOLIPROPERTYFORSALEGRANCANARIA\" \/>\n<meta property=\"article:modified_time\" content=\"2026-03-13T16:53:36+00:00\" \/>\n<meta property=\"og:image\" content=\"https:\/\/www.propertyforsalegrancanaria.com\/wp-content\/uploads\/2023\/01\/Logo-Investitori-Gran-Canaria.jpg\" \/>\n\t<meta property=\"og:image:width\" content=\"1024\" \/>\n\t<meta property=\"og:image:height\" content=\"1024\" \/>\n\t<meta property=\"og:image:type\" content=\"image\/jpeg\" \/>\n<meta name=\"twitter:card\" content=\"summary_large_image\" \/>\n<meta name=\"twitter:label1\" content=\"Tiempo de lectura\" \/>\n\t<meta name=\"twitter:data1\" content=\"1 minuto\" \/>\n<script type=\"application\/ld+json\" class=\"yoast-schema-graph\">{\"@context\":\"https:\\\/\\\/schema.org\",\"@graph\":[{\"@type\":\"WebPage\",\"@id\":\"https:\\\/\\\/www.propertyforsalegrancanaria.com\\\/es\\\/boletin\\\/\",\"url\":\"https:\\\/\\\/www.propertyforsalegrancanaria.com\\\/es\\\/boletin\\\/\",\"name\":\"Bolet\u00edn - Property for sale Gran Canaria\",\"isPartOf\":{\"@id\":\"https:\\\/\\\/www.propertyforsalegrancanaria.com\\\/es\\\/#website\"},\"primaryImageOfPage\":{\"@id\":\"https:\\\/\\\/www.propertyforsalegrancanaria.com\\\/es\\\/boletin\\\/#primaryimage\"},\"image\":{\"@id\":\"https:\\\/\\\/www.propertyforsalegrancanaria.com\\\/es\\\/boletin\\\/#primaryimage\"},\"thumbnailUrl\":\"https:\\\/\\\/www.propertyforsalegrancanaria.com\\\/wp-content\\\/uploads\\\/2023\\\/01\\\/Logo-Investitori-Gran-Canaria.jpg\",\"datePublished\":\"2020-09-12T17:31:47+00:00\",\"dateModified\":\"2026-03-13T16:53:36+00:00\",\"description\":\"Suscr\u00edbete a nuestro Bolet\u00edn para estar al d\u00eda de las nuevas propuestas inmobiliarias en Gran Canaria.\",\"breadcrumb\":{\"@id\":\"https:\\\/\\\/www.propertyforsalegrancanaria.com\\\/es\\\/boletin\\\/#breadcrumb\"},\"inLanguage\":\"es\",\"potentialAction\":[{\"@type\":\"ReadAction\",\"target\":[\"https:\\\/\\\/www.propertyforsalegrancanaria.com\\\/es\\\/boletin\\\/\"]}]},{\"@type\":\"ImageObject\",\"inLanguage\":\"es\",\"@id\":\"https:\\\/\\\/www.propertyforsalegrancanaria.com\\\/es\\\/boletin\\\/#primaryimage\",\"url\":\"https:\\\/\\\/www.propertyforsalegrancanaria.com\\\/wp-content\\\/uploads\\\/2023\\\/01\\\/Logo-Investitori-Gran-Canaria.jpg\",\"contentUrl\":\"https:\\\/\\\/www.propertyforsalegrancanaria.com\\\/wp-content\\\/uploads\\\/2023\\\/01\\\/Logo-Investitori-Gran-Canaria.jpg\",\"width\":1024,\"height\":1024,\"caption\":\"case in vendita gran canaria\"},{\"@type\":\"BreadcrumbList\",\"@id\":\"https:\\\/\\\/www.propertyforsalegrancanaria.com\\\/es\\\/boletin\\\/#breadcrumb\",\"itemListElement\":[{\"@type\":\"ListItem\",\"position\":1,\"name\":\"Home\",\"item\":\"https:\\\/\\\/www.propertyforsalegrancanaria.com\\\/es\\\/\"},{\"@type\":\"ListItem\",\"position\":2,\"name\":\"Bolet\u00edn\"}]},{\"@type\":\"WebSite\",\"@id\":\"https:\\\/\\\/www.propertyforsalegrancanaria.com\\\/es\\\/#website\",\"url\":\"https:\\\/\\\/www.propertyforsalegrancanaria.com\\\/es\\\/\",\"name\":\"Property for sale Gran Canaria\",\"description\":\"Gran Canaria Case Vendita\",\"publisher\":{\"@id\":\"https:\\\/\\\/www.propertyforsalegrancanaria.com\\\/es\\\/#organization\"},\"alternateName\":\"Real Estate Gran Canaria\",\"potentialAction\":[{\"@type\":\"SearchAction\",\"target\":{\"@type\":\"EntryPoint\",\"urlTemplate\":\"https:\\\/\\\/www.propertyforsalegrancanaria.com\\\/es\\\/?s={search_term_string}\"},\"query-input\":{\"@type\":\"PropertyValueSpecification\",\"valueRequired\":true,\"valueName\":\"search_term_string\"}}],\"inLanguage\":\"es\"},{\"@type\":[\"Organization\",\"Place\",\"RealEstateAgent\"],\"@id\":\"https:\\\/\\\/www.propertyforsalegrancanaria.com\\\/es\\\/#organization\",\"name\":\"property for sale gran canaria\",\"url\":\"https:\\\/\\\/www.propertyforsalegrancanaria.com\\\/es\\\/\",\"logo\":{\"@id\":\"https:\\\/\\\/www.propertyforsalegrancanaria.com\\\/es\\\/boletin\\\/#local-main-organization-logo\"},\"image\":{\"@id\":\"https:\\\/\\\/www.propertyforsalegrancanaria.com\\\/es\\\/boletin\\\/#local-main-organization-logo\"},\"sameAs\":[\"https:\\\/\\\/www.facebook.com\\\/DANIELEPICCOLIPROPERTYFORSALEGRANCANARIA\"],\"address\":{\"@id\":\"https:\\\/\\\/www.propertyforsalegrancanaria.com\\\/es\\\/boletin\\\/#local-main-place-address\"},\"geo\":{\"@type\":\"GeoCoordinates\",\"latitude\":\"27.784149\",\"longitude\":\"-15.650744\"},\"telephone\":[\"+34 635632009\",\"+34 635632009\"],\"contactPoint\":{\"@type\":\"ContactPoint\",\"telephone\":\"+34 635632009\",\"email\":\"info@propertyforsalegrancanaria.com\"},\"openingHoursSpecification\":[{\"@type\":\"OpeningHoursSpecification\",\"dayOfWeek\":[\"Monday\",\"Tuesday\",\"Wednesday\",\"Thursday\",\"Friday\"],\"opens\":\"10:00\",\"closes\":\"17:00\"},{\"@type\":\"OpeningHoursSpecification\",\"dayOfWeek\":[\"Saturday\",\"Sunday\"],\"opens\":\"00:00\",\"closes\":\"00:00\"}],\"email\":\"info@propertyforsalegrancanaria.com\",\"priceRange\":\"$\"},{\"@type\":\"PostalAddress\",\"@id\":\"https:\\\/\\\/www.propertyforsalegrancanaria.com\\\/es\\\/boletin\\\/#local-main-place-address\",\"streetAddress\":\"CALLE GREEN 1, COMPLEJO MANGOLF VILLAS\",\"addressLocality\":\"SALOBRE GOLF\",\"postalCode\":\"35106\",\"addressRegion\":\"Las Palmas\",\"addressCountry\":\"ES\"},{\"@type\":\"ImageObject\",\"inLanguage\":\"es\",\"@id\":\"https:\\\/\\\/www.propertyforsalegrancanaria.com\\\/es\\\/boletin\\\/#local-main-organization-logo\",\"url\":\"https:\\\/\\\/www.propertyforsalegrancanaria.com\\\/wp-content\\\/uploads\\\/2023\\\/05\\\/PROPERTY-1024x768-copia-1.png\",\"contentUrl\":\"https:\\\/\\\/www.propertyforsalegrancanaria.com\\\/wp-content\\\/uploads\\\/2023\\\/05\\\/PROPERTY-1024x768-copia-1.png\",\"width\":1024,\"height\":768,\"caption\":\"property for sale gran canaria\"}]}<\/script>\n<meta name=\"geo.placename\" content=\"SALOBRE GOLF\" \/>\n<meta name=\"geo.position\" content=\"27.784149;-15.650744\" \/>\n<meta name=\"geo.region\" content=\"Espa\u00f1a\" \/>\n<!-- \/ Yoast SEO Premium plugin. -->","yoast_head_json":{"title":"Bolet\u00edn - Property for sale Gran Canaria","description":"Suscr\u00edbete a nuestro Bolet\u00edn para estar al d\u00eda de las nuevas propuestas inmobiliarias en Gran Canaria.","robots":{"index":"index","follow":"follow","max-snippet":"max-snippet:-1","max-image-preview":"max-image-preview:large","max-video-preview":"max-video-preview:-1"},"canonical":"https:\/\/www.propertyforsalegrancanaria.com\/es\/boletin\/","og_locale":"es_ES","og_type":"article","og_title":"Bolet\u00edn","og_description":"Suscr\u00edbete a nuestro Bolet\u00edn para estar al d\u00eda de las nuevas propuestas inmobiliarias en Gran Canaria.","og_url":"https:\/\/www.propertyforsalegrancanaria.com\/es\/boletin\/","og_site_name":"Property for sale Gran Canaria","article_publisher":"https:\/\/www.facebook.com\/DANIELEPICCOLIPROPERTYFORSALEGRANCANARIA","article_modified_time":"2026-03-13T16:53:36+00:00","og_image":[{"width":1024,"height":1024,"url":"https:\/\/www.propertyforsalegrancanaria.com\/wp-content\/uploads\/2023\/01\/Logo-Investitori-Gran-Canaria.jpg","type":"image\/jpeg"}],"twitter_card":"summary_large_image","twitter_misc":{"Tiempo de lectura":"1 minuto"},"schema":{"@context":"https:\/\/schema.org","@graph":[{"@type":"WebPage","@id":"https:\/\/www.propertyforsalegrancanaria.com\/es\/boletin\/","url":"https:\/\/www.propertyforsalegrancanaria.com\/es\/boletin\/","name":"Bolet\u00edn - Property for sale Gran Canaria","isPartOf":{"@id":"https:\/\/www.propertyforsalegrancanaria.com\/es\/#website"},"primaryImageOfPage":{"@id":"https:\/\/www.propertyforsalegrancanaria.com\/es\/boletin\/#primaryimage"},"image":{"@id":"https:\/\/www.propertyforsalegrancanaria.com\/es\/boletin\/#primaryimage"},"thumbnailUrl":"https:\/\/www.propertyforsalegrancanaria.com\/wp-content\/uploads\/2023\/01\/Logo-Investitori-Gran-Canaria.jpg","datePublished":"2020-09-12T17:31:47+00:00","dateModified":"2026-03-13T16:53:36+00:00","description":"Suscr\u00edbete a nuestro Bolet\u00edn para estar al d\u00eda de las nuevas propuestas inmobiliarias en Gran Canaria.","breadcrumb":{"@id":"https:\/\/www.propertyforsalegrancanaria.com\/es\/boletin\/#breadcrumb"},"inLanguage":"es","potentialAction":[{"@type":"ReadAction","target":["https:\/\/www.propertyforsalegrancanaria.com\/es\/boletin\/"]}]},{"@type":"ImageObject","inLanguage":"es","@id":"https:\/\/www.propertyforsalegrancanaria.com\/es\/boletin\/#primaryimage","url":"https:\/\/www.propertyforsalegrancanaria.com\/wp-content\/uploads\/2023\/01\/Logo-Investitori-Gran-Canaria.jpg","contentUrl":"https:\/\/www.propertyforsalegrancanaria.com\/wp-content\/uploads\/2023\/01\/Logo-Investitori-Gran-Canaria.jpg","width":1024,"height":1024,"caption":"case in vendita gran canaria"},{"@type":"BreadcrumbList","@id":"https:\/\/www.propertyforsalegrancanaria.com\/es\/boletin\/#breadcrumb","itemListElement":[{"@type":"ListItem","position":1,"name":"Home","item":"https:\/\/www.propertyforsalegrancanaria.com\/es\/"},{"@type":"ListItem","position":2,"name":"Bolet\u00edn"}]},{"@type":"WebSite","@id":"https:\/\/www.propertyforsalegrancanaria.com\/es\/#website","url":"https:\/\/www.propertyforsalegrancanaria.com\/es\/","name":"Property for sale Gran Canaria","description":"Gran Canaria Case Vendita","publisher":{"@id":"https:\/\/www.propertyforsalegrancanaria.com\/es\/#organization"},"alternateName":"Real Estate Gran Canaria","potentialAction":[{"@type":"SearchAction","target":{"@type":"EntryPoint","urlTemplate":"https:\/\/www.propertyforsalegrancanaria.com\/es\/?s={search_term_string}"},"query-input":{"@type":"PropertyValueSpecification","valueRequired":true,"valueName":"search_term_string"}}],"inLanguage":"es"},{"@type":["Organization","Place","RealEstateAgent"],"@id":"https:\/\/www.propertyforsalegrancanaria.com\/es\/#organization","name":"property for sale gran canaria","url":"https:\/\/www.propertyforsalegrancanaria.com\/es\/","logo":{"@id":"https:\/\/www.propertyforsalegrancanaria.com\/es\/boletin\/#local-main-organization-logo"},"image":{"@id":"https:\/\/www.propertyforsalegrancanaria.com\/es\/boletin\/#local-main-organization-logo"},"sameAs":["https:\/\/www.facebook.com\/DANIELEPICCOLIPROPERTYFORSALEGRANCANARIA"],"address":{"@id":"https:\/\/www.propertyforsalegrancanaria.com\/es\/boletin\/#local-main-place-address"},"geo":{"@type":"GeoCoordinates","latitude":"27.784149","longitude":"-15.650744"},"telephone":["+34 635632009","+34 635632009"],"contactPoint":{"@type":"ContactPoint","telephone":"+34 635632009","email":"info@propertyforsalegrancanaria.com"},"openingHoursSpecification":[{"@type":"OpeningHoursSpecification","dayOfWeek":["Monday","Tuesday","Wednesday","Thursday","Friday"],"opens":"10:00","closes":"17:00"},{"@type":"OpeningHoursSpecification","dayOfWeek":["Saturday","Sunday"],"opens":"00:00","closes":"00:00"}],"email":"info@propertyforsalegrancanaria.com","priceRange":"$"},{"@type":"PostalAddress","@id":"https:\/\/www.propertyforsalegrancanaria.com\/es\/boletin\/#local-main-place-address","streetAddress":"CALLE GREEN 1, COMPLEJO MANGOLF VILLAS","addressLocality":"SALOBRE GOLF","postalCode":"35106","addressRegion":"Las Palmas","addressCountry":"ES"},{"@type":"ImageObject","inLanguage":"es","@id":"https:\/\/www.propertyforsalegrancanaria.com\/es\/boletin\/#local-main-organization-logo","url":"https:\/\/www.propertyforsalegrancanaria.com\/wp-content\/uploads\/2023\/05\/PROPERTY-1024x768-copia-1.png","contentUrl":"https:\/\/www.propertyforsalegrancanaria.com\/wp-content\/uploads\/2023\/05\/PROPERTY-1024x768-copia-1.png","width":1024,"height":768,"caption":"property for sale gran canaria"}]},"geo.placename":"SALOBRE GOLF","geo.position":{"lat":"27.784149","long":"-15.650744"},"geo.region":"Espa\u00f1a"},"_links":{"self":[{"href":"https:\/\/www.propertyforsalegrancanaria.com\/es\/wp-json\/wp\/v2\/pages\/41754","targetHints":{"allow":["GET"]}}],"collection":[{"href":"https:\/\/www.propertyforsalegrancanaria.com\/es\/wp-json\/wp\/v2\/pages"}],"about":[{"href":"https:\/\/www.propertyforsalegrancanaria.com\/es\/wp-json\/wp\/v2\/types\/page"}],"author":[{"embeddable":true,"href":"https:\/\/www.propertyforsalegrancanaria.com\/es\/wp-json\/wp\/v2\/users\/1"}],"replies":[{"embeddable":true,"href":"https:\/\/www.propertyforsalegrancanaria.com\/es\/wp-json\/wp\/v2\/comments?post=41754"}],"version-history":[{"count":1,"href":"https:\/\/www.propertyforsalegrancanaria.com\/es\/wp-json\/wp\/v2\/pages\/41754\/revisions"}],"predecessor-version":[{"id":56430,"href":"https:\/\/www.propertyforsalegrancanaria.com\/es\/wp-json\/wp\/v2\/pages\/41754\/revisions\/56430"}],"wp:featuredmedia":[{"embeddable":true,"href":"https:\/\/www.propertyforsalegrancanaria.com\/es\/wp-json\/wp\/v2\/media\/34405"}],"wp:attachment":[{"href":"https:\/\/www.propertyforsalegrancanaria.com\/es\/wp-json\/wp\/v2\/media?parent=41754"}],"curies":[{"name":"wp","href":"https:\/\/api.w.org\/{rel}","templated":true}]}}