{"id":48736,"date":"2024-11-16T19:37:31","date_gmt":"2024-11-16T19:37:31","guid":{"rendered":"https:\/\/www.propertyforsalegrancanaria.com\/48736-2\/"},"modified":"2025-05-16T14:35:56","modified_gmt":"2025-05-16T14:35:56","slug":"servicios-inmobiliarios-gran-canaria","status":"publish","type":"page","link":"https:\/\/www.propertyforsalegrancanaria.com\/es\/servicios-inmobiliarios-gran-canaria\/","title":{"rendered":"Servicios Inmobiliarios Exclusivos en Gran Canaria"},"content":{"rendered":"<div class=\"wpb-content-wrapper\"><p>[vc_row css=\".vc_custom_1731963664806{background-color: #E7E5E5 !important;}\"][vc_column][vc_custom_heading text=\"NUESTROS SERVICIOS INMOBILIARIOS\" font_container=\"tag:h2|font_size:30|text_align:center\" use_theme_fonts=\"yes\" css=\"\"][vc_column_text css=\"\"]<span style=\"color: #000000;\">Cuando compras una vivienda con nosotros, no est\u00e1s comprando simplemente una vivienda, sino que est\u00e1s accediendo a un universo de servicios exclusivos dise\u00f1ados para que tu experiencia sea \u00fanica. Descubre c\u00f3mo podemos acompa\u00f1arte paso a paso, garantiz\u00e1ndote la m\u00e1xima comodidad y apoyo. <strong>\u00a1Sigue leyendo para descubrir lo que te espera!<\/strong><\/span>[\/vc_column_text][\/vc_column][\/vc_row][vc_row css=\".vc_custom_1731963510683{background-color: #F9F9F9 !important;}\"][vc_column width=\"1\/3&#8243;][vc_custom_heading text=\"Compra a distancia\" font_container=\"tag:h3|font_size:30|text_align:center\" use_theme_fonts=\"yes\" css=\"\"][vc_column_text css=\"\"]<span style=\"color: #000000;\">Nuestra agencia se centra en ayudar a los clientes que desean adquirir bienes inmuebles a distancia en Gran Canaria, utilizando poderes verbales o notariales.<\/span>[\/vc_column_text][vc_btn title=\"Leer\" style=\"flat\" shape=\"round\" color=\"warning\" css=\"\" link=\"url:https%3A%2F%2Fwww.propertyforsalegrancanaria.com%2Fes%2Finversiones-inmobiliarias-a-distancia-en-gran-canaria%2F|\"][\/vc_column][vc_column width=\"1\/3&#8243;][vc_custom_heading text=\"Venta a distancia\" font_container=\"tag:h3|font_size:30|text_align:center\" use_theme_fonts=\"yes\" css=\"\"][vc_column_text css=\"\"]<span style=\"color: #000000;\">Nuestra agencia tambi\u00e9n est\u00e1 especializada en la venta a distancia de inmuebles en Gran Canaria, gestionando todo el proceso mediante poder verbal o notarial.<\/span>[\/vc_column_text][vc_btn title=\"Leer\" style=\"flat\" shape=\"round\" color=\"warning\" css=\"\" link=\"url:https%3A%2F%2Fwww.propertyforsalegrancanaria.com%2Fes%2Ftienes-una-propiedad-en-gran-canaria-y-quieres-venderlanuestra-agencia-puede-encargarse-de-su-venta-aunque-no-estes-en-la-isla%2F|\"][\/vc_column][vc_column width=\"1\/3&#8243;][vc_custom_heading text=\"Buscador de inmuebles\" font_container=\"tag:h3|font_size:30|text_align:center\" use_theme_fonts=\"yes\" css=\"\"][vc_column_text css=\"\"]<span style=\"color: #000000;\">Adem\u00e1s de nuestros servicios inmobiliarios, ofrezco una experiencia personalizada como <strong>Buscador de Propiedades<\/strong>, dedic\u00e1ndome a encontrar la propiedad ideal en funci\u00f3n de tus necesidades y preferencias.<\/span>[\/vc_column_text][vc_btn title=\"Leer\" style=\"flat\" shape=\"round\" color=\"warning\" css=\"\" link=\"url:https%3A%2F%2Fwww.propertyforsalegrancanaria.com%2Fes%2Fbuscador-de-inmuebles-en-gran-canaria%2F|\"][\/vc_column][\/vc_row][vc_row css=\".vc_custom_1731963573622{background-color: #F9F9F9 !important;}\"][vc_column width=\"1\/3&#8243;][vc_custom_heading text=\"Licencia Vivienda Vacacional\" font_container=\"tag:h3|font_size:30|text_align:center\" use_theme_fonts=\"yes\" css=\"\"][vc_column_text css=\"\"]<span style=\"color: #000000;\">Ofrecemos un servicio r\u00e1pido y profesional para obtener la Licencia de Vivienda Vacacional en menos de 48 horas Impresi\u00f3n de la matr\u00edcula incluida y documentaci\u00f3n precumplimentada para presentar ante las autoridades competentes.<\/span>[\/vc_column_text][vc_btn title=\"Leer\" style=\"flat\" shape=\"round\" color=\"warning\" css=\"\" link=\"url:https%3A%2F%2Fwww.propertyforsalegrancanaria.com%2Fes%2Flicencia-vivienda-vacacional%2F|\"][\/vc_column][vc_column width=\"1\/3&#8243;][vc_custom_heading text=\"Gesti\u00f3n de alquileres de corta duraci\u00f3n\" font_container=\"tag:h3|font_size:30|text_align:center\" use_theme_fonts=\"yes\" css=\"\" link=\"url:https%3A%2F%2Fwww.propertyforsalegrancanaria.com%2Fes%2Fgestion-de-alquileres-de-corta-duracion-en-gran-canaria%2F|\"][vc_column_text css=\"\"]<span style=\"color: #000000;\">Estamos especializados en la <strong>Gesti\u00f3n de Alquileres Temporales en Gran Canaria<\/strong>, ofreciendo un servicio completo y personalizado para maximizar los beneficios de tu propiedad.<\/span>[\/vc_column_text][vc_btn title=\"Leer\" style=\"flat\" shape=\"round\" color=\"warning\" css=\"\" link=\"url:https%3A%2F%2Fwww.propertyforsalegrancanaria.com%2Fes%2Fgestion-de-alquileres-de-corta-duracion-en-gran-canaria%2F|\"][\/vc_column][vc_column width=\"1\/3&#8243;][vc_custom_heading text=\"Gesti\u00f3n fiscal\" font_container=\"tag:h3|font_size:30|text_align:center\" use_theme_fonts=\"yes\" css=\"\"][vc_column_text css=\"\"]<span style=\"color: #000000;\">Tambi\u00e9n nos ocupamos de la <strong>gesti\u00f3n fiscal de los bienes inmuebles<\/strong>, ofreciendo un servicio dedicado a garantizar el pago correcto de los impuestos y el cumplimiento de la normativa vigente.<\/span>[\/vc_column_text][vc_btn title=\"Leer\" style=\"flat\" shape=\"round\" color=\"warning\" css=\"\" link=\"url:https%3A%2F%2Fwww.propertyforsalegrancanaria.com%2Fes%2Fgestion-del-impuesto-sobre-bienes-inmuebles%2F%231679734467299-c004ba69-404b|\"][\/vc_column][\/vc_row][vc_row css=\".vc_custom_1731964062014{background-color: #EEEEEE !important;}\"][vc_column][vc_empty_space height=\"100&#8243;][vc_custom_heading text=\"Empieza a seguir mi m\u00e9todo como ya han hecho muchos inversores\" font_container=\"tag:h2|font_size:30|text_align:center\" use_theme_fonts=\"yes\" css=\"\"][vc_column_text css=\"\"]<span style=\"color: #000000;\">Empieza a seguir mi m\u00e9todo exclusivo, <strong>El C\u00edrculo de Inversores<\/strong> Inmobiliarios, y descubre c\u00f3mo comprar inmuebles estrat\u00e9gicamente y gestionarlos con \u00e9xito. Te guiar\u00e1 paso a paso, proporcion\u00e1ndote herramientas pr\u00e1cticas, estrategias probadas y mi experiencia de primera mano en el sector. Tanto si eres un inversor principiante como un profesional que busca optimizar los resultados, mi m\u00e9todo te permitir\u00e1 tomar decisiones informadas, maximizar los beneficios y crear un negocio inmobiliario s\u00f3lido y sostenible. <strong>\u00a1\u00danete al &#8216;C\u00edrculo de Inversores Inmobiliarios&#8217; y empieza a construir tu \u00e9xito hoy mismo!<\/strong><\/span>[\/vc_column_text][vc_separator][\/vc_column][\/vc_row][vc_row css=\".vc_custom_1731968544804{background-color: #D07F07 !important;}\"][vc_column width=\"1\/2&#8243;][vc_single_image image=\"48453&#8243; img_size=\"medium\" alignment=\"center\" css=\"\"][\/vc_column][vc_column width=\"1\/2&#8243;][vc_custom_heading text=\"\u00bfQu\u00e9 es \"El C\u00edrculo de Inversores Inmobiliarios\"?\" font_container=\"tag:h3|font_size:30|text_align:left\" use_theme_fonts=\"yes\" css=\"\"][vc_column_text css=\"\"]<span style=\"color: #000000;\"><strong>El C\u00edrculo de Inversores<\/strong> Inmobiliarios es el resultado de m\u00e1s de 10 a\u00f1os de experiencia directa en el mercado inmobiliario canario. Este m\u00e9todo no es s\u00f3lo el resultado de mis conocimientos adquiridos sobre el terreno, sino de una estrategia concreta basada en elegir cuidadosamente el inmueble adecuado en el que invertir. He probado personalmente cada paso, empezando por el subarriendo de pisos para comprobar su rentabilidad, hasta perfeccionar un modelo replicable y exitoso. <\/span><\/p>\n<p><span style=\"color: #000000;\">Tras probar y reintentar estas t\u00e9cnicas, empec\u00e9 a ense\u00f1arlas a mis inversores, gui\u00e1ndoles en la construcci\u00f3n de una cartera inmobiliaria ganadora siguiendo las mismas estrategias que me llevaron al \u00e9xito. <strong>\u00a1\u00danete al C\u00edrculo de Inversores Inmobiliarios para descubrir un m\u00e9todo probado que convierte las oportunidades en resultados concretos!<\/strong><\/span>[\/vc_column_text][\/vc_column][\/vc_row][vc_row css=\".vc_custom_1731964259498{background-color: #DD9933 !important;}\"][vc_column width=\"1\/2&#8243;][vc_custom_heading text=\"Testimonio de mi m\u00e9todo: \"El C\u00edrculo de Inversores Inmobiliarios\".\" font_container=\"tag:h3|font_size:30|text_align:left\" use_theme_fonts=\"yes\" css=\"\"][vc_column_text css=\"\"]<span style=\"color: #000000;\">Questa \u00e8 una chiara dimostrazione dell\u2019efficacia del mio metodo di gestione immobiliare. Grazie a <strong>\"Il Circolo degli Investitori Immobiliari\"<\/strong>, uno degli appartamenti in gestione a Playa del Ingl\u00e9s ha registrato una prenotazione di 7 notti, dal 13 al 20 Novembre 2024, generando un ricavo di <strong>1.497,57 euro lorde! PREZZO PER NOTTE \u20ac213,93<\/strong><\/span><\/p>\n<p><span style=\"color: #000000;\">Il mio approccio si basa su <strong>strategie mirate<\/strong>, <strong>ottimizzazione dei processi<\/strong> e una profonda conoscenza del mercato degli affitti brevi. Questo risultato evidenzia come, con il giusto metodo, sia possibile trasformare un immobile in una <strong>fonte di reddito stabile e altamente redditizia<\/strong>.<\/span><\/p>\n<p><span style=\"color: #000000;\">&#x1f449; Se vuoi scoprire come applicare questa gestione vincente al tuo patrimonio immobiliare, contattami per conoscere tutti i dettagli del metodo <strong>\"Il Circolo degli Investitori Immobiliari\"<\/strong>.<\/span>[\/vc_column_text][\/vc_column][vc_column width=\"1\/2&#8243;][vc_single_image image=\"48729&#8243; img_size=\"full\" css=\"\"][\/vc_column][vc_column css=\".vc_custom_1731968686726{background-color: #FFFFFF !important;}\"][vc_custom_heading text=\"Los Anfitriones, los Superanfitriones e incluso las agencias que gestionan Alquileres Temporales en Gran Canaria subestiman el verdadero potencial inmobiliario de la isla\" font_container=\"tag:h2|font_size:30|text_align:center\" use_theme_fonts=\"yes\" css=\"\"][\/vc_column][vc_column css=\".vc_custom_1731968705583{background-color: #FFFFFF !important;}\"][vc_column_text css=\"\"]<span style=\"color: #000000;\">A menudo veo que muchos anfitriones, Superanfitriones e incluso agencias que gestionan alquileres a corto plazo en Gran Canaria <strong>subestiman el verdadero potencial de las propiedades en la isla<\/strong>. Me explico mejor. Mirando las publicaciones en plataformas como Airbnb y Booking, observo que muchos listados est\u00e1n <strong>mal editados, anticuados<\/strong> y apuntan a precios de ganga s\u00f3lo para conseguir una alta tasa de ocupaci\u00f3n. <\/span><\/p>\n<p><span style=\"color: #000000;\">En temporada alta o muy alta, veo propiedades decentes, con un potencial evidente, alquiladas por <strong>60\/65 euros la noche<\/strong>: una cifra que se agota y da valor a la primera persona que reserva. Esta estrategia, por desgracia, es demasiado com\u00fan. Muchos anfitriones prefieren tener siempre los calendarios llenos, a menudo con meses de antelaci\u00f3n, y caen en la trampa de la <strong>competencia por el precio m\u00e1s bajo<\/strong>. <\/span><\/p>\n<p><span style=\"color: #000000;\">Seg\u00fan mi experiencia, aqu\u00ed es donde radica el error. Centrarse s\u00f3lo en el llenado anual, sacrificando el valor real de la propiedad, significa renunciar a mayores beneficios y a una gesti\u00f3n estrat\u00e9gica. <strong>La verdad es que estos planteamientos reflejan una falta de conocimientos clave y una infravaloraci\u00f3n del potencial de la propiedad gestionada.<\/strong><\/span><\/p>\n<p><span style=\"color: #000000;\">Con el m\u00e9todo y las estrategias adecuadas, cada propiedad puede maximizarse, generando importantes ganancias sin necesidad de venderla. Es cuesti\u00f3n de profesionalidad, optimizaci\u00f3n y atenci\u00f3n al detalle. <\/span>[\/vc_column_text][\/vc_column][\/vc_row][vc_row full_width=\"stretch_row\" content_placement=\"middle\" css=\".vc_custom_1731845345020{padding-top: 30px !important;padding-bottom: 30px !important;background-color: #FF9539 !important;}\"][vc_column width=\"3\/4&#8243;][vc_custom_heading text=\"\u00a1Escr\u00edbeme ahora y convierte tu propiedad en una renta vitalicia de \u00e9xito!\" font_container=\"tag:h3|font_size:40|text_align:left|color:%23ffffff\" google_fonts=\"font_family:Montserrat%3Aregular%2C700|font_style:400%20regular%3A400%3Anormal\" css=\".vc_custom_1731845184795{margin-top: -20px !important;}\"][vc_column_text 0=\"\" css=\"\"]<\/p>\n<p style=\"text-align: left;\"><span style=\"color: #ffffff;\">\u00danete a nuestro exclusivo m\u00e9todo de gesti\u00f3n inmobiliaria y descubre c\u00f3mo maximizar el valor de tu propiedad. Utilizando estrategias probadas y un enfoque personalizado, reproduciremos para tu propiedad las mismas pr\u00e1cticas que ya han generado resultados extraordinarios para otros miembros del C\u00edrculo. <\/span><\/p>\n<p>[\/vc_column_text][\/vc_column][vc_column width=\"1\/4&#8243;][vc_btn title=\"ESCR\u00cdBEME AHORA\" style=\"outline\" color=\"white\" size=\"lg\" align=\"center\" css=\"\" link=\"url:https%3A%2F%2Fwww.propertyforsalegrancanaria.com%2Fes%2Fsolicitar-informacion%2F|\"][\/vc_column][\/vc_row]<\/p>\n<\/div>","protected":false},"excerpt":{"rendered":"<p>[vc_row css=\".vc_custom_1731963664806{background-color: #E7E5E5 !important;}\"][vc_column][vc_custom_heading text=\"NUESTROS SERVICIOS INMOBILIARIOS\" font_container=\"tag:h2|font_size:30|text_align:center\" use_theme_fonts=\"yes\" css=\"\"][vc_column_text css=\"\"]Cuando compras una vivienda con nosotros, no est\u00e1s comprando simplemente una vivienda, sino que est\u00e1s accediendo a un universo de servicios exclusivos dise\u00f1ados para que tu experiencia sea \u00fanica. Descubre c\u00f3mo podemos acompa\u00f1arte paso a paso, garantiz\u00e1ndote la m\u00e1xima comodidad y apoyo. \u00a1Sigue leyendo para [&hellip;]<\/p>\n","protected":false},"author":1,"featured_media":0,"parent":0,"menu_order":0,"comment_status":"closed","ping_status":"closed","template":"","meta":{"footnotes":""},"class_list":["post-48736","page","type-page","status-publish","hentry"],"yoast_head":"<!-- This site is optimized with the Yoast SEO Premium plugin v27.1 (Yoast SEO v27.4) - https:\/\/yoast.com\/product\/yoast-seo-premium-wordpress\/ -->\n<title>Inversi\u00f3n Inmobiliaria en Gran Canaria | Compra, Venta y Alquiler Tur\u00edstico<\/title>\n<meta name=\"description\" content=\"Descubre c\u00f3mo invertir en propiedades en Gran Canaria de forma rentable y segura. Servicios de compra\/venta a distancia, gesti\u00f3n de alquileres y licencias vacacionales.\" \/>\n<meta name=\"robots\" content=\"index, follow, max-snippet:-1, max-image-preview:large, max-video-preview:-1\" \/>\n<link rel=\"canonical\" href=\"https:\/\/www.propertyforsalegrancanaria.com\/es\/servicios-inmobiliarios-gran-canaria\/\" \/>\n<meta property=\"og:locale\" content=\"es_ES\" \/>\n<meta property=\"og:type\" content=\"article\" \/>\n<meta property=\"og:title\" content=\"Servicios Inmobiliarios Exclusivos en Gran Canaria\" \/>\n<meta property=\"og:description\" content=\"Descubre c\u00f3mo invertir en propiedades en Gran Canaria de forma rentable y segura. Servicios de compra\/venta a distancia, gesti\u00f3n de alquileres y licencias vacacionales.\" \/>\n<meta property=\"og:url\" content=\"https:\/\/www.propertyforsalegrancanaria.com\/es\/servicios-inmobiliarios-gran-canaria\/\" \/>\n<meta property=\"og:site_name\" content=\"Property for sale Gran Canaria\" \/>\n<meta property=\"article:publisher\" content=\"https:\/\/www.facebook.com\/DANIELEPICCOLIPROPERTYFORSALEGRANCANARIA\" \/>\n<meta property=\"article:modified_time\" content=\"2025-05-16T14:35:56+00:00\" \/>\n<meta name=\"twitter:card\" content=\"summary_large_image\" \/>\n<meta name=\"twitter:label1\" content=\"Tiempo de lectura\" \/>\n\t<meta name=\"twitter:data1\" content=\"6 minutos\" \/>\n<script type=\"application\/ld+json\" class=\"yoast-schema-graph\">{\"@context\":\"https:\\\/\\\/schema.org\",\"@graph\":[{\"@type\":\"WebPage\",\"@id\":\"https:\\\/\\\/www.propertyforsalegrancanaria.com\\\/es\\\/servicios-inmobiliarios-gran-canaria\\\/\",\"url\":\"https:\\\/\\\/www.propertyforsalegrancanaria.com\\\/es\\\/servicios-inmobiliarios-gran-canaria\\\/\",\"name\":\"Inversi\u00f3n Inmobiliaria en Gran Canaria | Compra, Venta y Alquiler Tur\u00edstico\",\"isPartOf\":{\"@id\":\"https:\\\/\\\/www.propertyforsalegrancanaria.com\\\/es\\\/#website\"},\"datePublished\":\"2024-11-16T19:37:31+00:00\",\"dateModified\":\"2025-05-16T14:35:56+00:00\",\"description\":\"Descubre c\u00f3mo invertir en propiedades en Gran Canaria de forma rentable y segura. Servicios de compra\\\/venta a distancia, gesti\u00f3n de alquileres y licencias vacacionales.\",\"breadcrumb\":{\"@id\":\"https:\\\/\\\/www.propertyforsalegrancanaria.com\\\/es\\\/servicios-inmobiliarios-gran-canaria\\\/#breadcrumb\"},\"inLanguage\":\"es\",\"potentialAction\":[{\"@type\":\"ReadAction\",\"target\":[\"https:\\\/\\\/www.propertyforsalegrancanaria.com\\\/es\\\/servicios-inmobiliarios-gran-canaria\\\/\"]}]},{\"@type\":\"BreadcrumbList\",\"@id\":\"https:\\\/\\\/www.propertyforsalegrancanaria.com\\\/es\\\/servicios-inmobiliarios-gran-canaria\\\/#breadcrumb\",\"itemListElement\":[{\"@type\":\"ListItem\",\"position\":1,\"name\":\"Home\",\"item\":\"https:\\\/\\\/www.propertyforsalegrancanaria.com\\\/es\\\/\"},{\"@type\":\"ListItem\",\"position\":2,\"name\":\"Servicios Inmobiliarios Exclusivos en Gran Canaria\"}]},{\"@type\":\"WebSite\",\"@id\":\"https:\\\/\\\/www.propertyforsalegrancanaria.com\\\/es\\\/#website\",\"url\":\"https:\\\/\\\/www.propertyforsalegrancanaria.com\\\/es\\\/\",\"name\":\"Property for sale Gran Canaria\",\"description\":\"Gran Canaria Case Vendita\",\"publisher\":{\"@id\":\"https:\\\/\\\/www.propertyforsalegrancanaria.com\\\/es\\\/#organization\"},\"alternateName\":\"Real Estate Gran Canaria\",\"potentialAction\":[{\"@type\":\"SearchAction\",\"target\":{\"@type\":\"EntryPoint\",\"urlTemplate\":\"https:\\\/\\\/www.propertyforsalegrancanaria.com\\\/es\\\/?s={search_term_string}\"},\"query-input\":{\"@type\":\"PropertyValueSpecification\",\"valueRequired\":true,\"valueName\":\"search_term_string\"}}],\"inLanguage\":\"es\"},{\"@type\":[\"Organization\",\"Place\",\"RealEstateAgent\"],\"@id\":\"https:\\\/\\\/www.propertyforsalegrancanaria.com\\\/es\\\/#organization\",\"name\":\"property for sale gran canaria\",\"url\":\"https:\\\/\\\/www.propertyforsalegrancanaria.com\\\/es\\\/\",\"logo\":{\"@id\":\"https:\\\/\\\/www.propertyforsalegrancanaria.com\\\/es\\\/servicios-inmobiliarios-gran-canaria\\\/#local-main-organization-logo\"},\"image\":{\"@id\":\"https:\\\/\\\/www.propertyforsalegrancanaria.com\\\/es\\\/servicios-inmobiliarios-gran-canaria\\\/#local-main-organization-logo\"},\"sameAs\":[\"https:\\\/\\\/www.facebook.com\\\/DANIELEPICCOLIPROPERTYFORSALEGRANCANARIA\"],\"address\":{\"@id\":\"https:\\\/\\\/www.propertyforsalegrancanaria.com\\\/es\\\/servicios-inmobiliarios-gran-canaria\\\/#local-main-place-address\"},\"geo\":{\"@type\":\"GeoCoordinates\",\"latitude\":\"27.784149\",\"longitude\":\"-15.650744\"},\"telephone\":[\"+34 635632009\",\"+34 635632009\"],\"contactPoint\":{\"@type\":\"ContactPoint\",\"telephone\":\"+34 635632009\",\"email\":\"info@propertyforsalegrancanaria.com\"},\"openingHoursSpecification\":[{\"@type\":\"OpeningHoursSpecification\",\"dayOfWeek\":[\"Monday\",\"Tuesday\",\"Wednesday\",\"Thursday\",\"Friday\"],\"opens\":\"10:00\",\"closes\":\"17:00\"},{\"@type\":\"OpeningHoursSpecification\",\"dayOfWeek\":[\"Saturday\",\"Sunday\"],\"opens\":\"00:00\",\"closes\":\"00:00\"}],\"email\":\"info@propertyforsalegrancanaria.com\",\"priceRange\":\"$\"},{\"@type\":\"PostalAddress\",\"@id\":\"https:\\\/\\\/www.propertyforsalegrancanaria.com\\\/es\\\/servicios-inmobiliarios-gran-canaria\\\/#local-main-place-address\",\"streetAddress\":\"CALLE GREEN 1, COMPLEJO MANGOLF VILLAS\",\"addressLocality\":\"SALOBRE GOLF\",\"postalCode\":\"35106\",\"addressRegion\":\"Las Palmas\",\"addressCountry\":\"ES\"},{\"@type\":\"ImageObject\",\"inLanguage\":\"es\",\"@id\":\"https:\\\/\\\/www.propertyforsalegrancanaria.com\\\/es\\\/servicios-inmobiliarios-gran-canaria\\\/#local-main-organization-logo\",\"url\":\"https:\\\/\\\/www.propertyforsalegrancanaria.com\\\/wp-content\\\/uploads\\\/2023\\\/05\\\/PROPERTY-1024x768-copia-1.png\",\"contentUrl\":\"https:\\\/\\\/www.propertyforsalegrancanaria.com\\\/wp-content\\\/uploads\\\/2023\\\/05\\\/PROPERTY-1024x768-copia-1.png\",\"width\":1024,\"height\":768,\"caption\":\"property for sale gran canaria\"}]}<\/script>\n<meta name=\"geo.placename\" content=\"SALOBRE GOLF\" \/>\n<meta name=\"geo.position\" content=\"27.784149;-15.650744\" \/>\n<meta name=\"geo.region\" content=\"Espa\u00f1a\" \/>\n<!-- \/ Yoast SEO Premium plugin. -->","yoast_head_json":{"title":"Inversi\u00f3n Inmobiliaria en Gran Canaria | Compra, Venta y Alquiler Tur\u00edstico","description":"Descubre c\u00f3mo invertir en propiedades en Gran Canaria de forma rentable y segura. Servicios de compra\/venta a distancia, gesti\u00f3n de alquileres y licencias vacacionales.","robots":{"index":"index","follow":"follow","max-snippet":"max-snippet:-1","max-image-preview":"max-image-preview:large","max-video-preview":"max-video-preview:-1"},"canonical":"https:\/\/www.propertyforsalegrancanaria.com\/es\/servicios-inmobiliarios-gran-canaria\/","og_locale":"es_ES","og_type":"article","og_title":"Servicios Inmobiliarios Exclusivos en Gran Canaria","og_description":"Descubre c\u00f3mo invertir en propiedades en Gran Canaria de forma rentable y segura. Servicios de compra\/venta a distancia, gesti\u00f3n de alquileres y licencias vacacionales.","og_url":"https:\/\/www.propertyforsalegrancanaria.com\/es\/servicios-inmobiliarios-gran-canaria\/","og_site_name":"Property for sale Gran Canaria","article_publisher":"https:\/\/www.facebook.com\/DANIELEPICCOLIPROPERTYFORSALEGRANCANARIA","article_modified_time":"2025-05-16T14:35:56+00:00","twitter_card":"summary_large_image","twitter_misc":{"Tiempo de lectura":"6 minutos"},"schema":{"@context":"https:\/\/schema.org","@graph":[{"@type":"WebPage","@id":"https:\/\/www.propertyforsalegrancanaria.com\/es\/servicios-inmobiliarios-gran-canaria\/","url":"https:\/\/www.propertyforsalegrancanaria.com\/es\/servicios-inmobiliarios-gran-canaria\/","name":"Inversi\u00f3n Inmobiliaria en Gran Canaria | Compra, Venta y Alquiler Tur\u00edstico","isPartOf":{"@id":"https:\/\/www.propertyforsalegrancanaria.com\/es\/#website"},"datePublished":"2024-11-16T19:37:31+00:00","dateModified":"2025-05-16T14:35:56+00:00","description":"Descubre c\u00f3mo invertir en propiedades en Gran Canaria de forma rentable y segura. Servicios de compra\/venta a distancia, gesti\u00f3n de alquileres y licencias vacacionales.","breadcrumb":{"@id":"https:\/\/www.propertyforsalegrancanaria.com\/es\/servicios-inmobiliarios-gran-canaria\/#breadcrumb"},"inLanguage":"es","potentialAction":[{"@type":"ReadAction","target":["https:\/\/www.propertyforsalegrancanaria.com\/es\/servicios-inmobiliarios-gran-canaria\/"]}]},{"@type":"BreadcrumbList","@id":"https:\/\/www.propertyforsalegrancanaria.com\/es\/servicios-inmobiliarios-gran-canaria\/#breadcrumb","itemListElement":[{"@type":"ListItem","position":1,"name":"Home","item":"https:\/\/www.propertyforsalegrancanaria.com\/es\/"},{"@type":"ListItem","position":2,"name":"Servicios Inmobiliarios Exclusivos en Gran Canaria"}]},{"@type":"WebSite","@id":"https:\/\/www.propertyforsalegrancanaria.com\/es\/#website","url":"https:\/\/www.propertyforsalegrancanaria.com\/es\/","name":"Property for sale Gran Canaria","description":"Gran Canaria Case Vendita","publisher":{"@id":"https:\/\/www.propertyforsalegrancanaria.com\/es\/#organization"},"alternateName":"Real Estate Gran Canaria","potentialAction":[{"@type":"SearchAction","target":{"@type":"EntryPoint","urlTemplate":"https:\/\/www.propertyforsalegrancanaria.com\/es\/?s={search_term_string}"},"query-input":{"@type":"PropertyValueSpecification","valueRequired":true,"valueName":"search_term_string"}}],"inLanguage":"es"},{"@type":["Organization","Place","RealEstateAgent"],"@id":"https:\/\/www.propertyforsalegrancanaria.com\/es\/#organization","name":"property for sale gran canaria","url":"https:\/\/www.propertyforsalegrancanaria.com\/es\/","logo":{"@id":"https:\/\/www.propertyforsalegrancanaria.com\/es\/servicios-inmobiliarios-gran-canaria\/#local-main-organization-logo"},"image":{"@id":"https:\/\/www.propertyforsalegrancanaria.com\/es\/servicios-inmobiliarios-gran-canaria\/#local-main-organization-logo"},"sameAs":["https:\/\/www.facebook.com\/DANIELEPICCOLIPROPERTYFORSALEGRANCANARIA"],"address":{"@id":"https:\/\/www.propertyforsalegrancanaria.com\/es\/servicios-inmobiliarios-gran-canaria\/#local-main-place-address"},"geo":{"@type":"GeoCoordinates","latitude":"27.784149","longitude":"-15.650744"},"telephone":["+34 635632009","+34 635632009"],"contactPoint":{"@type":"ContactPoint","telephone":"+34 635632009","email":"info@propertyforsalegrancanaria.com"},"openingHoursSpecification":[{"@type":"OpeningHoursSpecification","dayOfWeek":["Monday","Tuesday","Wednesday","Thursday","Friday"],"opens":"10:00","closes":"17:00"},{"@type":"OpeningHoursSpecification","dayOfWeek":["Saturday","Sunday"],"opens":"00:00","closes":"00:00"}],"email":"info@propertyforsalegrancanaria.com","priceRange":"$"},{"@type":"PostalAddress","@id":"https:\/\/www.propertyforsalegrancanaria.com\/es\/servicios-inmobiliarios-gran-canaria\/#local-main-place-address","streetAddress":"CALLE GREEN 1, COMPLEJO MANGOLF VILLAS","addressLocality":"SALOBRE GOLF","postalCode":"35106","addressRegion":"Las Palmas","addressCountry":"ES"},{"@type":"ImageObject","inLanguage":"es","@id":"https:\/\/www.propertyforsalegrancanaria.com\/es\/servicios-inmobiliarios-gran-canaria\/#local-main-organization-logo","url":"https:\/\/www.propertyforsalegrancanaria.com\/wp-content\/uploads\/2023\/05\/PROPERTY-1024x768-copia-1.png","contentUrl":"https:\/\/www.propertyforsalegrancanaria.com\/wp-content\/uploads\/2023\/05\/PROPERTY-1024x768-copia-1.png","width":1024,"height":768,"caption":"property for sale gran canaria"}]},"geo.placename":"SALOBRE GOLF","geo.position":{"lat":"27.784149","long":"-15.650744"},"geo.region":"Espa\u00f1a"},"_links":{"self":[{"href":"https:\/\/www.propertyforsalegrancanaria.com\/es\/wp-json\/wp\/v2\/pages\/48736","targetHints":{"allow":["GET"]}}],"collection":[{"href":"https:\/\/www.propertyforsalegrancanaria.com\/es\/wp-json\/wp\/v2\/pages"}],"about":[{"href":"https:\/\/www.propertyforsalegrancanaria.com\/es\/wp-json\/wp\/v2\/types\/page"}],"author":[{"embeddable":true,"href":"https:\/\/www.propertyforsalegrancanaria.com\/es\/wp-json\/wp\/v2\/users\/1"}],"replies":[{"embeddable":true,"href":"https:\/\/www.propertyforsalegrancanaria.com\/es\/wp-json\/wp\/v2\/comments?post=48736"}],"version-history":[{"count":55,"href":"https:\/\/www.propertyforsalegrancanaria.com\/es\/wp-json\/wp\/v2\/pages\/48736\/revisions"}],"predecessor-version":[{"id":55121,"href":"https:\/\/www.propertyforsalegrancanaria.com\/es\/wp-json\/wp\/v2\/pages\/48736\/revisions\/55121"}],"wp:attachment":[{"href":"https:\/\/www.propertyforsalegrancanaria.com\/es\/wp-json\/wp\/v2\/media?parent=48736"}],"curies":[{"name":"wp","href":"https:\/\/api.w.org\/{rel}","templated":true}]}}