{"id":49809,"date":"2025-03-28T00:50:42","date_gmt":"2025-03-28T00:50:42","guid":{"rendered":"https:\/\/www.propertyforsalegrancanaria.com\/tasacion-gratuita-de-tu-vivienda-en-gran-canaria\/"},"modified":"2026-03-11T12:30:38","modified_gmt":"2026-03-11T12:30:38","slug":"tasacion-gratuita-de-tu-vivienda-en-gran-canaria","status":"publish","type":"page","link":"https:\/\/www.propertyforsalegrancanaria.com\/es\/tasacion-gratuita-de-tu-vivienda-en-gran-canaria\/","title":{"rendered":"Tasaci\u00f3n gratuita de tu vivienda en Gran Canaria"},"content":{"rendered":"\n<h2 class=\"wp-block-heading\" id=\"h-scopri-quanto-vale-realmente-la-tua-casa-prima-di-affittarla-o-venderla\">&#x1f4c8; Scopri Quanto Vale Realmente la Tua Casa Prima di Affittarla o Venderla<\/h2>\n\n<p>Se stai pensando di <strong>affittare la tua casa ai turisti<\/strong> su Airbnb o Booking, o magari <strong>venderla<\/strong> a investitori o residenti, sapere quanto vale realmente il tuo immobile \u00e8 <strong>il primo passo fondamentale<\/strong>.<\/p>\n\n<p>Richiedi oggi la <strong>valutazione gratuita e senza impegno<\/strong> del tuo immobile a Gran Canaria. In pochi click, ti forniamo un\u2019analisi personalizzata basata su <strong>dati di mercato reali<\/strong>.<\/p>\n\n<hr class=\"wp-block-separator has-alpha-channel-opacity\"\/>\n\n<h3 class=\"wp-block-heading\" id=\"h-perche-e-cosi-importante-conoscere-il-valore-della-tua-casa\">  Perch\u00e9 \u00e8 cos\u00ec importante conoscere il valore della tua casa?<\/h3>\n\n<ul class=\"wp-block-list\">\n<li>&#x1f4b8; <strong>Sottovalutare<\/strong> significa perdere soldi ogni mese o svendere l&#8217;immobile<\/li>\n\n\n\n<li>&#x23f3; <strong>Sovrastimare<\/strong> significa lasciare la casa ferma per mesi senza richieste<\/li>\n<\/ul>\n\n<hr class=\"wp-block-separator has-alpha-channel-opacity\"\/>\n\n<h3 class=\"wp-block-heading\" id=\"h-cosa-ottieni-con-la-valutazione\">&#x1f9e0; Cosa ottieni con la valutazione<\/h3>\n\n<ul class=\"wp-block-list\">\n<li>&#x1f4ca; Una <strong>strategia concreta<\/strong> per affittare o vendere in tempi brevi<\/li>\n\n\n\n<li>&#x1f4cd; Il <strong>prezzo di mercato aggiornato<\/strong> nella tua zona<\/li>\n\n\n\n<li>&#x1f4a1; <strong>Consigli su come aumentare il valore<\/strong> con piccoli interventi<\/li>\n\n\n\n<li>&#x1f91d; Una <strong>consulenza professionale locale<\/strong> e personalizzata<\/li>\n<\/ul>\n\n<hr class=\"wp-block-separator has-alpha-channel-opacity\"\/>\n\n<h3 class=\"wp-block-heading\" id=\"h-quando-richiederla\">&#x1f4cc; Quando richiederla?<\/h3>\n\n<ul class=\"wp-block-list\">\n<li>Possiedi una seconda casa o appartamento inutilizzato<\/li>\n\n\n\n<li>Vuoi iniziare ad affittare a breve termine<\/li>\n\n\n\n<li>Stai valutando se vendere o mantenere l\u2019immobile<\/li>\n\n\n\n<li>Hai gi\u00e0 pubblicato ma non ricevi richieste<\/li>\n\n\n\n<li>Vuoi capire se conviene ristrutturare prima di vendere<\/li>\n<\/ul>\n\n<hr class=\"wp-block-separator has-alpha-channel-opacity\"\/>\n\n<h3 class=\"wp-block-heading\" id=\"h-valutiamo-immobili-in-tutta-gran-canaria\">&#x1f4cd; Valutiamo immobili in tutta Gran Canaria<\/h3>\n\n<p>&#x2705; Las Palmas<br\/>&#x2705; Maspalomas<br\/>&#x2705; Playa del Ingl\u00e9s<br\/>&#x2705; San Agust\u00edn<br\/>&#x2705; Puerto Rico<br\/>&#x2705; Arguinegu\u00edn<br\/>&#x2705; Mog\u00e1n<\/p>\n\n<hr class=\"wp-block-separator has-alpha-channel-opacity\"\/>\n\n<h3 class=\"wp-block-heading\" id=\"h-come-funziona-la-valutazione\">&#x1f4dd; Come funziona la valutazione<\/h3>\n\n<ol class=\"wp-block-list\">\n<li>Compili il modulo con le informazioni del tuo immobile<\/li>\n\n\n\n<li>Analizziamo il tuo caso con strumenti professionali<\/li>\n\n\n\n<li>Ricevi la valutazione personalizzata entro 24-48 ore<\/li>\n\n\n\n<li>Hai la possibilit\u00e0 di ricevere anche una consulenza gratuita<\/li>\n<\/ol>\n\n<hr class=\"wp-block-separator has-alpha-channel-opacity\"\/>\n\n<h3 class=\"wp-block-heading\" id=\"h-cosa-riceverai\">&#x1f4ac; Cosa riceverai<\/h3>\n\n<ul class=\"wp-block-list\">\n<li>&#x1f4ca; Report con <strong>valore stimato<\/strong> del tuo immobile<\/li>\n<\/ul>\n\n<hr class=\"wp-block-separator has-alpha-channel-opacity\"\/>\n\n<h3 class=\"wp-block-heading\" id=\"h-richiedi-ora-la-tua-valutazione-gratuita\">&#x270d;&#xfe0f; Richiedi ora la tua valutazione gratuita<\/h3>\n\n<p><strong>Compila il modulo o contattaci direttamente:<\/strong><\/p>\n\n<div class=\"wp-block-contact-form-7-contact-form-selector\"><p class=\"wpcf7-contact-form-not-found\"><strong>Error:<\/strong> Formulario de contacto no encontrado.<\/p><\/div>\n\n<hr class=\"wp-block-separator has-alpha-channel-opacity\"\/>\n\n<h3 class=\"wp-block-heading\" id=\"h-hai-domande\">&#x1f4de; Hai domande?<\/h3>\n\n<p>Scrivici o contattaci su WhatsApp:<\/p>\n\n<p>&#x1f4e7; <strong>info@<\/strong>propertyforsalegrancanaria.com<br\/>&#x1f4f1; <strong>+34 <\/strong>627364440  +39 3518711203<\/p>\n\n<hr class=\"wp-block-separator has-alpha-channel-opacity\"\/>\n\n<h2 class=\"wp-block-heading\" id=\"h-conoscere-il-valore-del-tuo-immobile-e-il-primo-passo-per-iniziare-a-guadagnare\">&#x1f680; Conoscere il valore del tuo immobile \u00e8 il primo passo per iniziare a guadagnare.<\/h2>\n\n<p><strong>&#x1f449; Richiedi subito la tua valutazione gratuita!<\/strong><\/p>\n","protected":false},"excerpt":{"rendered":"<p>&#x1f4c8; Scopri Quanto Vale Realmente la Tua Casa Prima di Affittarla o Venderla Se stai pensando di affittare la tua casa ai turisti su Airbnb o Booking, o magari venderla a investitori o residenti, sapere quanto vale realmente il tuo immobile \u00e8 il primo passo fondamentale. Richiedi oggi la valutazione gratuita e senza impegno del [&hellip;]<\/p>\n","protected":false},"author":1,"featured_media":0,"parent":0,"menu_order":0,"comment_status":"closed","ping_status":"closed","template":"","meta":{"footnotes":""},"class_list":["post-49809","page","type-page","status-publish","hentry"],"yoast_head":"<!-- This site is optimized with the Yoast SEO Premium plugin v27.4 (Yoast SEO v27.4) - https:\/\/yoast.com\/product\/yoast-seo-premium-wordpress\/ -->\n<title>Tasaci\u00f3n gratuita de tu vivienda en Gran Canaria - Property for sale Gran Canaria<\/title>\n<meta name=\"robots\" content=\"index, follow, max-snippet:-1, max-image-preview:large, max-video-preview:-1\" \/>\n<link rel=\"canonical\" href=\"https:\/\/www.propertyforsalegrancanaria.com\/es\/tasacion-gratuita-de-tu-vivienda-en-gran-canaria\/\" \/>\n<meta property=\"og:locale\" content=\"es_ES\" \/>\n<meta property=\"og:type\" content=\"article\" \/>\n<meta property=\"og:title\" content=\"Tasaci\u00f3n gratuita de tu vivienda en Gran Canaria\" \/>\n<meta property=\"og:description\" content=\"&#x1f4c8; Scopri Quanto Vale Realmente la Tua Casa Prima di Affittarla o Venderla Se stai pensando di affittare la tua casa ai turisti su Airbnb o Booking, o magari venderla a investitori o residenti, sapere quanto vale realmente il tuo immobile \u00e8 il primo passo fondamentale. Richiedi oggi la valutazione gratuita e senza impegno del [&hellip;]\" \/>\n<meta property=\"og:url\" content=\"https:\/\/www.propertyforsalegrancanaria.com\/es\/tasacion-gratuita-de-tu-vivienda-en-gran-canaria\/\" \/>\n<meta property=\"og:site_name\" content=\"Property for sale Gran Canaria\" \/>\n<meta property=\"article:publisher\" content=\"https:\/\/www.facebook.com\/DANIELEPICCOLIPROPERTYFORSALEGRANCANARIA\" \/>\n<meta property=\"article:modified_time\" content=\"2026-03-11T12:30:38+00:00\" \/>\n<meta name=\"twitter:card\" content=\"summary_large_image\" \/>\n<meta name=\"twitter:label1\" content=\"Tiempo de lectura\" \/>\n\t<meta name=\"twitter:data1\" content=\"2 minutos\" \/>\n<script type=\"application\/ld+json\" class=\"yoast-schema-graph\">{\"@context\":\"https:\\\/\\\/schema.org\",\"@graph\":[{\"@type\":\"WebPage\",\"@id\":\"https:\\\/\\\/www.propertyforsalegrancanaria.com\\\/es\\\/tasacion-gratuita-de-tu-vivienda-en-gran-canaria\\\/\",\"url\":\"https:\\\/\\\/www.propertyforsalegrancanaria.com\\\/es\\\/tasacion-gratuita-de-tu-vivienda-en-gran-canaria\\\/\",\"name\":\"Tasaci\u00f3n gratuita de tu vivienda en Gran Canaria - Property for sale Gran Canaria\",\"isPartOf\":{\"@id\":\"https:\\\/\\\/www.propertyforsalegrancanaria.com\\\/es\\\/#website\"},\"datePublished\":\"2025-03-28T00:50:42+00:00\",\"dateModified\":\"2026-03-11T12:30:38+00:00\",\"breadcrumb\":{\"@id\":\"https:\\\/\\\/www.propertyforsalegrancanaria.com\\\/es\\\/tasacion-gratuita-de-tu-vivienda-en-gran-canaria\\\/#breadcrumb\"},\"inLanguage\":\"es\",\"potentialAction\":[{\"@type\":\"ReadAction\",\"target\":[\"https:\\\/\\\/www.propertyforsalegrancanaria.com\\\/es\\\/tasacion-gratuita-de-tu-vivienda-en-gran-canaria\\\/\"]}]},{\"@type\":\"BreadcrumbList\",\"@id\":\"https:\\\/\\\/www.propertyforsalegrancanaria.com\\\/es\\\/tasacion-gratuita-de-tu-vivienda-en-gran-canaria\\\/#breadcrumb\",\"itemListElement\":[{\"@type\":\"ListItem\",\"position\":1,\"name\":\"Home\",\"item\":\"https:\\\/\\\/www.propertyforsalegrancanaria.com\\\/es\\\/\"},{\"@type\":\"ListItem\",\"position\":2,\"name\":\"Tasaci\u00f3n gratuita de tu vivienda en Gran Canaria\"}]},{\"@type\":\"WebSite\",\"@id\":\"https:\\\/\\\/www.propertyforsalegrancanaria.com\\\/es\\\/#website\",\"url\":\"https:\\\/\\\/www.propertyforsalegrancanaria.com\\\/es\\\/\",\"name\":\"Property for sale Gran Canaria\",\"description\":\"Gran Canaria Case Vendita\",\"publisher\":{\"@id\":\"https:\\\/\\\/www.propertyforsalegrancanaria.com\\\/es\\\/#organization\"},\"alternateName\":\"Real Estate Gran Canaria\",\"potentialAction\":[{\"@type\":\"SearchAction\",\"target\":{\"@type\":\"EntryPoint\",\"urlTemplate\":\"https:\\\/\\\/www.propertyforsalegrancanaria.com\\\/es\\\/?s={search_term_string}\"},\"query-input\":{\"@type\":\"PropertyValueSpecification\",\"valueRequired\":true,\"valueName\":\"search_term_string\"}}],\"inLanguage\":\"es\"},{\"@type\":[\"Organization\",\"Place\",\"RealEstateAgent\"],\"@id\":\"https:\\\/\\\/www.propertyforsalegrancanaria.com\\\/es\\\/#organization\",\"name\":\"property for sale gran canaria\",\"url\":\"https:\\\/\\\/www.propertyforsalegrancanaria.com\\\/es\\\/\",\"logo\":{\"@id\":\"https:\\\/\\\/www.propertyforsalegrancanaria.com\\\/es\\\/tasacion-gratuita-de-tu-vivienda-en-gran-canaria\\\/#local-main-organization-logo\"},\"image\":{\"@id\":\"https:\\\/\\\/www.propertyforsalegrancanaria.com\\\/es\\\/tasacion-gratuita-de-tu-vivienda-en-gran-canaria\\\/#local-main-organization-logo\"},\"sameAs\":[\"https:\\\/\\\/www.facebook.com\\\/DANIELEPICCOLIPROPERTYFORSALEGRANCANARIA\"],\"address\":{\"@id\":\"https:\\\/\\\/www.propertyforsalegrancanaria.com\\\/es\\\/tasacion-gratuita-de-tu-vivienda-en-gran-canaria\\\/#local-main-place-address\"},\"geo\":{\"@type\":\"GeoCoordinates\",\"latitude\":\"27.784149\",\"longitude\":\"-15.650744\"},\"telephone\":[\"+34 635632009\",\"+34 635632009\"],\"contactPoint\":{\"@type\":\"ContactPoint\",\"telephone\":\"+34 635632009\",\"email\":\"info@propertyforsalegrancanaria.com\"},\"openingHoursSpecification\":[{\"@type\":\"OpeningHoursSpecification\",\"dayOfWeek\":[\"Monday\",\"Tuesday\",\"Wednesday\",\"Thursday\",\"Friday\"],\"opens\":\"10:00\",\"closes\":\"17:00\"},{\"@type\":\"OpeningHoursSpecification\",\"dayOfWeek\":[\"Saturday\",\"Sunday\"],\"opens\":\"00:00\",\"closes\":\"00:00\"}],\"email\":\"info@propertyforsalegrancanaria.com\",\"priceRange\":\"$\"},{\"@type\":\"PostalAddress\",\"@id\":\"https:\\\/\\\/www.propertyforsalegrancanaria.com\\\/es\\\/tasacion-gratuita-de-tu-vivienda-en-gran-canaria\\\/#local-main-place-address\",\"streetAddress\":\"CALLE GREEN 1, COMPLEJO MANGOLF VILLAS\",\"addressLocality\":\"SALOBRE GOLF\",\"postalCode\":\"35106\",\"addressRegion\":\"Las Palmas\",\"addressCountry\":\"ES\"},{\"@type\":\"ImageObject\",\"inLanguage\":\"es\",\"@id\":\"https:\\\/\\\/www.propertyforsalegrancanaria.com\\\/es\\\/tasacion-gratuita-de-tu-vivienda-en-gran-canaria\\\/#local-main-organization-logo\",\"url\":\"https:\\\/\\\/www.propertyforsalegrancanaria.com\\\/wp-content\\\/uploads\\\/2023\\\/05\\\/PROPERTY-1024x768-copia-1.png\",\"contentUrl\":\"https:\\\/\\\/www.propertyforsalegrancanaria.com\\\/wp-content\\\/uploads\\\/2023\\\/05\\\/PROPERTY-1024x768-copia-1.png\",\"width\":1024,\"height\":768,\"caption\":\"property for sale gran canaria\"}]}<\/script>\n<meta name=\"geo.placename\" content=\"SALOBRE GOLF\" \/>\n<meta name=\"geo.position\" content=\"27.784149;-15.650744\" \/>\n<meta name=\"geo.region\" content=\"Espa\u00f1a\" \/>\n<!-- \/ Yoast SEO Premium plugin. -->","yoast_head_json":{"title":"Tasaci\u00f3n gratuita de tu vivienda en Gran Canaria - Property for sale Gran Canaria","robots":{"index":"index","follow":"follow","max-snippet":"max-snippet:-1","max-image-preview":"max-image-preview:large","max-video-preview":"max-video-preview:-1"},"canonical":"https:\/\/www.propertyforsalegrancanaria.com\/es\/tasacion-gratuita-de-tu-vivienda-en-gran-canaria\/","og_locale":"es_ES","og_type":"article","og_title":"Tasaci\u00f3n gratuita de tu vivienda en Gran Canaria","og_description":"&#x1f4c8; Scopri Quanto Vale Realmente la Tua Casa Prima di Affittarla o Venderla Se stai pensando di affittare la tua casa ai turisti su Airbnb o Booking, o magari venderla a investitori o residenti, sapere quanto vale realmente il tuo immobile \u00e8 il primo passo fondamentale. Richiedi oggi la valutazione gratuita e senza impegno del [&hellip;]","og_url":"https:\/\/www.propertyforsalegrancanaria.com\/es\/tasacion-gratuita-de-tu-vivienda-en-gran-canaria\/","og_site_name":"Property for sale Gran Canaria","article_publisher":"https:\/\/www.facebook.com\/DANIELEPICCOLIPROPERTYFORSALEGRANCANARIA","article_modified_time":"2026-03-11T12:30:38+00:00","twitter_card":"summary_large_image","twitter_misc":{"Tiempo de lectura":"2 minutos"},"schema":{"@context":"https:\/\/schema.org","@graph":[{"@type":"WebPage","@id":"https:\/\/www.propertyforsalegrancanaria.com\/es\/tasacion-gratuita-de-tu-vivienda-en-gran-canaria\/","url":"https:\/\/www.propertyforsalegrancanaria.com\/es\/tasacion-gratuita-de-tu-vivienda-en-gran-canaria\/","name":"Tasaci\u00f3n gratuita de tu vivienda en Gran Canaria - Property for sale Gran Canaria","isPartOf":{"@id":"https:\/\/www.propertyforsalegrancanaria.com\/es\/#website"},"datePublished":"2025-03-28T00:50:42+00:00","dateModified":"2026-03-11T12:30:38+00:00","breadcrumb":{"@id":"https:\/\/www.propertyforsalegrancanaria.com\/es\/tasacion-gratuita-de-tu-vivienda-en-gran-canaria\/#breadcrumb"},"inLanguage":"es","potentialAction":[{"@type":"ReadAction","target":["https:\/\/www.propertyforsalegrancanaria.com\/es\/tasacion-gratuita-de-tu-vivienda-en-gran-canaria\/"]}]},{"@type":"BreadcrumbList","@id":"https:\/\/www.propertyforsalegrancanaria.com\/es\/tasacion-gratuita-de-tu-vivienda-en-gran-canaria\/#breadcrumb","itemListElement":[{"@type":"ListItem","position":1,"name":"Home","item":"https:\/\/www.propertyforsalegrancanaria.com\/es\/"},{"@type":"ListItem","position":2,"name":"Tasaci\u00f3n gratuita de tu vivienda en Gran Canaria"}]},{"@type":"WebSite","@id":"https:\/\/www.propertyforsalegrancanaria.com\/es\/#website","url":"https:\/\/www.propertyforsalegrancanaria.com\/es\/","name":"Property for sale Gran Canaria","description":"Gran Canaria Case Vendita","publisher":{"@id":"https:\/\/www.propertyforsalegrancanaria.com\/es\/#organization"},"alternateName":"Real Estate Gran Canaria","potentialAction":[{"@type":"SearchAction","target":{"@type":"EntryPoint","urlTemplate":"https:\/\/www.propertyforsalegrancanaria.com\/es\/?s={search_term_string}"},"query-input":{"@type":"PropertyValueSpecification","valueRequired":true,"valueName":"search_term_string"}}],"inLanguage":"es"},{"@type":["Organization","Place","RealEstateAgent"],"@id":"https:\/\/www.propertyforsalegrancanaria.com\/es\/#organization","name":"property for sale gran canaria","url":"https:\/\/www.propertyforsalegrancanaria.com\/es\/","logo":{"@id":"https:\/\/www.propertyforsalegrancanaria.com\/es\/tasacion-gratuita-de-tu-vivienda-en-gran-canaria\/#local-main-organization-logo"},"image":{"@id":"https:\/\/www.propertyforsalegrancanaria.com\/es\/tasacion-gratuita-de-tu-vivienda-en-gran-canaria\/#local-main-organization-logo"},"sameAs":["https:\/\/www.facebook.com\/DANIELEPICCOLIPROPERTYFORSALEGRANCANARIA"],"address":{"@id":"https:\/\/www.propertyforsalegrancanaria.com\/es\/tasacion-gratuita-de-tu-vivienda-en-gran-canaria\/#local-main-place-address"},"geo":{"@type":"GeoCoordinates","latitude":"27.784149","longitude":"-15.650744"},"telephone":["+34 635632009","+34 635632009"],"contactPoint":{"@type":"ContactPoint","telephone":"+34 635632009","email":"info@propertyforsalegrancanaria.com"},"openingHoursSpecification":[{"@type":"OpeningHoursSpecification","dayOfWeek":["Monday","Tuesday","Wednesday","Thursday","Friday"],"opens":"10:00","closes":"17:00"},{"@type":"OpeningHoursSpecification","dayOfWeek":["Saturday","Sunday"],"opens":"00:00","closes":"00:00"}],"email":"info@propertyforsalegrancanaria.com","priceRange":"$"},{"@type":"PostalAddress","@id":"https:\/\/www.propertyforsalegrancanaria.com\/es\/tasacion-gratuita-de-tu-vivienda-en-gran-canaria\/#local-main-place-address","streetAddress":"CALLE GREEN 1, COMPLEJO MANGOLF VILLAS","addressLocality":"SALOBRE GOLF","postalCode":"35106","addressRegion":"Las Palmas","addressCountry":"ES"},{"@type":"ImageObject","inLanguage":"es","@id":"https:\/\/www.propertyforsalegrancanaria.com\/es\/tasacion-gratuita-de-tu-vivienda-en-gran-canaria\/#local-main-organization-logo","url":"https:\/\/www.propertyforsalegrancanaria.com\/wp-content\/uploads\/2023\/05\/PROPERTY-1024x768-copia-1.png","contentUrl":"https:\/\/www.propertyforsalegrancanaria.com\/wp-content\/uploads\/2023\/05\/PROPERTY-1024x768-copia-1.png","width":1024,"height":768,"caption":"property for sale gran canaria"}]},"geo.placename":"SALOBRE GOLF","geo.position":{"lat":"27.784149","long":"-15.650744"},"geo.region":"Espa\u00f1a"},"_links":{"self":[{"href":"https:\/\/www.propertyforsalegrancanaria.com\/es\/wp-json\/wp\/v2\/pages\/49809","targetHints":{"allow":["GET"]}}],"collection":[{"href":"https:\/\/www.propertyforsalegrancanaria.com\/es\/wp-json\/wp\/v2\/pages"}],"about":[{"href":"https:\/\/www.propertyforsalegrancanaria.com\/es\/wp-json\/wp\/v2\/types\/page"}],"author":[{"embeddable":true,"href":"https:\/\/www.propertyforsalegrancanaria.com\/es\/wp-json\/wp\/v2\/users\/1"}],"replies":[{"embeddable":true,"href":"https:\/\/www.propertyforsalegrancanaria.com\/es\/wp-json\/wp\/v2\/comments?post=49809"}],"version-history":[{"count":5,"href":"https:\/\/www.propertyforsalegrancanaria.com\/es\/wp-json\/wp\/v2\/pages\/49809\/revisions"}],"predecessor-version":[{"id":56371,"href":"https:\/\/www.propertyforsalegrancanaria.com\/es\/wp-json\/wp\/v2\/pages\/49809\/revisions\/56371"}],"wp:attachment":[{"href":"https:\/\/www.propertyforsalegrancanaria.com\/es\/wp-json\/wp\/v2\/media?parent=49809"}],"curies":[{"name":"wp","href":"https:\/\/api.w.org\/{rel}","templated":true}]}}