{"id":52877,"date":"2025-05-03T09:06:36","date_gmt":"2025-05-03T09:06:36","guid":{"rendered":"https:\/\/www.propertyforsalegrancanaria.com\/noticias-2\/"},"modified":"2025-05-10T18:05:04","modified_gmt":"2025-05-10T18:05:04","slug":"noticias-inmobiliarias","status":"publish","type":"page","link":"https:\/\/www.propertyforsalegrancanaria.com\/es\/noticias-inmobiliarias\/","title":{"rendered":"El Blog"},"content":{"rendered":"\t\t<div data-elementor-type=\"wp-page\" data-elementor-id=\"52877\" class=\"elementor elementor-52877 elementor-52875\" data-elementor-post-type=\"page\">\n\t\t\t\t<div class=\"elementor-element elementor-element-4d2e493a e-con-full e-flex e-con e-parent\" data-id=\"4d2e493a\" data-element_type=\"container\" data-e-type=\"container\" data-settings=\"{&quot;background_background&quot;:&quot;classic&quot;}\">\n\t\t<div class=\"elementor-element elementor-element-1a712e29 e-con-full e-flex e-con e-child\" data-id=\"1a712e29\" data-element_type=\"container\" data-e-type=\"container\" data-settings=\"{&quot;background_background&quot;:&quot;classic&quot;}\">\n\t\t<div class=\"elementor-element elementor-element-34c8c01d e-flex e-con-boxed e-con e-child\" data-id=\"34c8c01d\" data-element_type=\"container\" data-e-type=\"container\">\n\t\t\t\t\t<div class=\"e-con-inner\">\n\t\t\t\t<div class=\"elementor-element elementor-element-63056578 elementor-widget elementor-widget-heading\" data-id=\"63056578\" data-element_type=\"widget\" data-e-type=\"widget\" data-widget_type=\"heading.default\">\n\t\t\t\t<div class=\"elementor-widget-container\">\n\t\t\t\t\t<h1 class=\"elementor-heading-title elementor-size-default\">Blog Vivienda Vacacional Canarias - Normativa, Licencias y Consejos para Invertir<\/h1>\t\t\t\t<\/div>\n\t\t\t\t<\/div>\n\t\t\t\t\t<\/div>\n\t\t\t\t<\/div>\n\t\t\t\t<\/div>\n\t\t\t\t<\/div>\n\t\t<div class=\"elementor-element elementor-element-210a756 e-flex e-con-boxed e-con e-parent\" data-id=\"210a756\" data-element_type=\"container\" data-e-type=\"container\">\n\t\t\t\t\t<div class=\"e-con-inner\">\n\t\t\t\t<div class=\"elementor-element elementor-element-dae9fc3 elementor-widget elementor-widget-text-editor\" data-id=\"dae9fc3\" data-element_type=\"widget\" data-e-type=\"widget\" data-widget_type=\"text-editor.default\">\n\t\t\t\t<div class=\"elementor-widget-container\">\n\t\t\t\t\t\t\t\t\t<blockquote data-start=\"878\" data-end=\"1429\"><p class=\"\" data-start=\"880\" data-end=\"1429\">En este blog encontrar\u00e1s informaci\u00f3n actualizada y profesional sobre el mundo de la <strong data-start=\"957\" data-end=\"1000\">Vivienda Vacacional en Canarias<\/strong>. Desde novedades legislativas sobre alquiler tur\u00edstico, pasando por tr\u00e1mites con <strong data-start=\"1073\" data-end=\"1099\">el SES y Ventanilla \u00danica<\/strong>, hasta consejos operativos para gestionar alquileres de corta duraci\u00f3n. Un punto de referencia para <strong data-start=\"1197\" data-end=\"1245\">propietarios, inversores y futuros compradores<\/strong> que deseen operar de forma legal, rentable y sostenible, no s\u00f3lo en <strong data-start=\"1325\" data-end=\"1341\">Gran Canaria<\/strong>, sino tambi\u00e9n en <strong data-start=\"1354\" data-end=\"1392\">Tenerife, Fuerteventura, Lanzarote<\/strong> y las dem\u00e1s islas del archipi\u00e9lago.  <\/p><\/blockquote>\t\t\t\t\t\t\t\t<\/div>\n\t\t\t\t<\/div>\n\t\t\t\t\t<\/div>\n\t\t\t\t<\/div>\n\t\t<div class=\"elementor-element elementor-element-c0a9d11 e-flex e-con-boxed e-con e-parent\" data-id=\"c0a9d11\" data-element_type=\"container\" data-e-type=\"container\">\n\t\t\t\t\t<div class=\"e-con-inner\">\n\t\t<div class=\"elementor-element elementor-element-7267c5fb e-con-full e-flex e-con e-child\" data-id=\"7267c5fb\" data-element_type=\"container\" data-e-type=\"container\">\n\t\t\t\t<div class=\"elementor-element elementor-element-4dcc95b6 elementor-widget__width-auto elementor-invisible elementor-widget elementor-widget-text-editor\" data-id=\"4dcc95b6\" data-element_type=\"widget\" data-e-type=\"widget\" data-settings=\"{&quot;_animation&quot;:&quot;fadeInLeft&quot;}\" data-widget_type=\"text-editor.default\">\n\t\t\t\t<div class=\"elementor-widget-container\">\n\t\t\t\t\t\t\t\t\t<p>Noticias del mundo inmobiliario canario<\/p>\t\t\t\t\t\t\t\t<\/div>\n\t\t\t\t<\/div>\n\t\t\t\t<div class=\"elementor-element elementor-element-53fe6dfc elementor-widget__width-auto elementor-invisible elementor-widget elementor-widget-heading\" data-id=\"53fe6dfc\" data-element_type=\"widget\" data-e-type=\"widget\" data-settings=\"{&quot;_animation&quot;:&quot;fadeInLeft&quot;,&quot;_animation_delay&quot;:&quot;200&quot;}\" data-widget_type=\"heading.default\">\n\t\t\t\t<div class=\"elementor-widget-container\">\n\t\t\t\t\t<h2 class=\"elementor-heading-title elementor-size-default\">Leyes, Inversiones y Asesoramiento VV<\/h2>\t\t\t\t<\/div>\n\t\t\t\t<\/div>\n\t\t\t\t<\/div>\n\t\t\t\t\t<\/div>\n\t\t\t\t<\/div>\n\t\t<div class=\"elementor-element elementor-element-697bce3d e-con-full e-flex e-con e-parent\" data-id=\"697bce3d\" data-element_type=\"container\" data-e-type=\"container\">\n\t\t<div class=\"elementor-element elementor-element-6986be24 e-con-full e-flex e-con e-child\" data-id=\"6986be24\" data-element_type=\"container\" data-e-type=\"container\">\n\t\t\t\t<div class=\"elementor-element elementor-element-42e26ce0 elementor-widget__width-initial elementor-invisible elementor-widget elementor-widget-heading\" data-id=\"42e26ce0\" data-element_type=\"widget\" data-e-type=\"widget\" data-settings=\"{&quot;_animation&quot;:&quot;fadeInLeft&quot;,&quot;_animation_delay&quot;:&quot;200&quot;}\" data-widget_type=\"heading.default\">\n\t\t\t\t<div class=\"elementor-widget-container\">\n\t\t\t\t\t<h2 class=\"elementor-heading-title elementor-size-default\">\u00daltimas Noticias sobre Leyes, Impuestos y Alquiler Tur\u00edstico en Canarias<\/h2>\t\t\t\t<\/div>\n\t\t\t\t<\/div>\n\t\t\t\t<\/div>\n\t\t\t\t<\/div>\n\t\t\t\t<\/div>\n\t\t","protected":false},"excerpt":{"rendered":"<p>Blog Vivienda Vacacional Canarias &#8211; Normativa, Licencias y Consejos para Invertir En este blog encontrar\u00e1s informaci\u00f3n actualizada y profesional sobre el mundo de la Vivienda Vacacional en Canarias. Desde novedades legislativas sobre alquiler tur\u00edstico, pasando por tr\u00e1mites con el SES y Ventanilla \u00danica, hasta consejos operativos para gestionar alquileres de corta duraci\u00f3n. Un punto de [&hellip;]<\/p>\n","protected":false},"author":1,"featured_media":52940,"parent":0,"menu_order":0,"comment_status":"closed","ping_status":"closed","template":"","meta":{"footnotes":""},"class_list":["post-52877","page","type-page","status-publish","has-post-thumbnail","hentry"],"yoast_head":"<!-- This site is optimized with the Yoast SEO Premium plugin v27.4 (Yoast SEO v27.4) - https:\/\/yoast.com\/product\/yoast-seo-premium-wordpress\/ -->\n<title>El Blog - Property for sale Gran Canaria<\/title>\n<meta name=\"robots\" content=\"index, follow, max-snippet:-1, max-image-preview:large, max-video-preview:-1\" \/>\n<link rel=\"canonical\" href=\"https:\/\/www.propertyforsalegrancanaria.com\/es\/noticias-inmobiliarias\/\" \/>\n<meta property=\"og:locale\" content=\"es_ES\" \/>\n<meta property=\"og:type\" content=\"article\" \/>\n<meta property=\"og:title\" content=\"El Blog\" \/>\n<meta property=\"og:description\" content=\"Blog Vivienda Vacacional Canarias &#8211; Normativa, Licencias y Consejos para Invertir En este blog encontrar\u00e1s informaci\u00f3n actualizada y profesional sobre el mundo de la Vivienda Vacacional en Canarias. Desde novedades legislativas sobre alquiler tur\u00edstico, pasando por tr\u00e1mites con el SES y Ventanilla \u00danica, hasta consejos operativos para gestionar alquileres de corta duraci\u00f3n. Un punto de [&hellip;]\" \/>\n<meta property=\"og:url\" content=\"https:\/\/www.propertyforsalegrancanaria.com\/es\/noticias-inmobiliarias\/\" \/>\n<meta property=\"og:site_name\" content=\"Property for sale Gran Canaria\" \/>\n<meta property=\"article:publisher\" content=\"https:\/\/www.facebook.com\/DANIELEPICCOLIPROPERTYFORSALEGRANCANARIA\" \/>\n<meta property=\"article:modified_time\" content=\"2025-05-10T18:05:04+00:00\" \/>\n<meta property=\"og:image\" content=\"https:\/\/www.propertyforsalegrancanaria.com\/wp-content\/uploads\/2025\/05\/0ec2fda1-5aad-4432-8cbd-3277e10e3698.webp\" \/>\n\t<meta property=\"og:image:width\" content=\"1152\" \/>\n\t<meta property=\"og:image:height\" content=\"866\" \/>\n\t<meta property=\"og:image:type\" content=\"image\/webp\" \/>\n<meta name=\"twitter:card\" content=\"summary_large_image\" \/>\n<meta name=\"twitter:label1\" content=\"Tiempo de lectura\" \/>\n\t<meta name=\"twitter:data1\" content=\"6 minutos\" \/>\n<script type=\"application\/ld+json\" class=\"yoast-schema-graph\">{\"@context\":\"https:\\\/\\\/schema.org\",\"@graph\":[{\"@type\":\"WebPage\",\"@id\":\"https:\\\/\\\/www.propertyforsalegrancanaria.com\\\/es\\\/noticias-inmobiliarias\\\/\",\"url\":\"https:\\\/\\\/www.propertyforsalegrancanaria.com\\\/es\\\/noticias-inmobiliarias\\\/\",\"name\":\"El Blog - Property for sale Gran Canaria\",\"isPartOf\":{\"@id\":\"https:\\\/\\\/www.propertyforsalegrancanaria.com\\\/es\\\/#website\"},\"primaryImageOfPage\":{\"@id\":\"https:\\\/\\\/www.propertyforsalegrancanaria.com\\\/es\\\/noticias-inmobiliarias\\\/#primaryimage\"},\"image\":{\"@id\":\"https:\\\/\\\/www.propertyforsalegrancanaria.com\\\/es\\\/noticias-inmobiliarias\\\/#primaryimage\"},\"thumbnailUrl\":\"https:\\\/\\\/www.propertyforsalegrancanaria.com\\\/wp-content\\\/uploads\\\/2025\\\/05\\\/0ec2fda1-5aad-4432-8cbd-3277e10e3698.webp\",\"datePublished\":\"2025-05-03T09:06:36+00:00\",\"dateModified\":\"2025-05-10T18:05:04+00:00\",\"breadcrumb\":{\"@id\":\"https:\\\/\\\/www.propertyforsalegrancanaria.com\\\/es\\\/noticias-inmobiliarias\\\/#breadcrumb\"},\"inLanguage\":\"es\",\"potentialAction\":[{\"@type\":\"ReadAction\",\"target\":[\"https:\\\/\\\/www.propertyforsalegrancanaria.com\\\/es\\\/noticias-inmobiliarias\\\/\"]}]},{\"@type\":\"ImageObject\",\"inLanguage\":\"es\",\"@id\":\"https:\\\/\\\/www.propertyforsalegrancanaria.com\\\/es\\\/noticias-inmobiliarias\\\/#primaryimage\",\"url\":\"https:\\\/\\\/www.propertyforsalegrancanaria.com\\\/wp-content\\\/uploads\\\/2025\\\/05\\\/0ec2fda1-5aad-4432-8cbd-3277e10e3698.webp\",\"contentUrl\":\"https:\\\/\\\/www.propertyforsalegrancanaria.com\\\/wp-content\\\/uploads\\\/2025\\\/05\\\/0ec2fda1-5aad-4432-8cbd-3277e10e3698.webp\",\"width\":1152,\"height\":866},{\"@type\":\"BreadcrumbList\",\"@id\":\"https:\\\/\\\/www.propertyforsalegrancanaria.com\\\/es\\\/noticias-inmobiliarias\\\/#breadcrumb\",\"itemListElement\":[{\"@type\":\"ListItem\",\"position\":1,\"name\":\"Home\",\"item\":\"https:\\\/\\\/www.propertyforsalegrancanaria.com\\\/es\\\/\"},{\"@type\":\"ListItem\",\"position\":2,\"name\":\"El Blog\"}]},{\"@type\":\"WebSite\",\"@id\":\"https:\\\/\\\/www.propertyforsalegrancanaria.com\\\/es\\\/#website\",\"url\":\"https:\\\/\\\/www.propertyforsalegrancanaria.com\\\/es\\\/\",\"name\":\"Property for sale Gran Canaria\",\"description\":\"Gran Canaria Case Vendita\",\"publisher\":{\"@id\":\"https:\\\/\\\/www.propertyforsalegrancanaria.com\\\/es\\\/#organization\"},\"alternateName\":\"Real Estate Gran Canaria\",\"potentialAction\":[{\"@type\":\"SearchAction\",\"target\":{\"@type\":\"EntryPoint\",\"urlTemplate\":\"https:\\\/\\\/www.propertyforsalegrancanaria.com\\\/es\\\/?s={search_term_string}\"},\"query-input\":{\"@type\":\"PropertyValueSpecification\",\"valueRequired\":true,\"valueName\":\"search_term_string\"}}],\"inLanguage\":\"es\"},{\"@type\":[\"Organization\",\"Place\",\"RealEstateAgent\"],\"@id\":\"https:\\\/\\\/www.propertyforsalegrancanaria.com\\\/es\\\/#organization\",\"name\":\"property for sale gran canaria\",\"url\":\"https:\\\/\\\/www.propertyforsalegrancanaria.com\\\/es\\\/\",\"logo\":{\"@id\":\"https:\\\/\\\/www.propertyforsalegrancanaria.com\\\/es\\\/noticias-inmobiliarias\\\/#local-main-organization-logo\"},\"image\":{\"@id\":\"https:\\\/\\\/www.propertyforsalegrancanaria.com\\\/es\\\/noticias-inmobiliarias\\\/#local-main-organization-logo\"},\"sameAs\":[\"https:\\\/\\\/www.facebook.com\\\/DANIELEPICCOLIPROPERTYFORSALEGRANCANARIA\"],\"address\":{\"@id\":\"https:\\\/\\\/www.propertyforsalegrancanaria.com\\\/es\\\/noticias-inmobiliarias\\\/#local-main-place-address\"},\"geo\":{\"@type\":\"GeoCoordinates\",\"latitude\":\"27.784149\",\"longitude\":\"-15.650744\"},\"telephone\":[\"+34 635632009\",\"+34 635632009\"],\"contactPoint\":{\"@type\":\"ContactPoint\",\"telephone\":\"+34 635632009\",\"email\":\"info@propertyforsalegrancanaria.com\"},\"openingHoursSpecification\":[{\"@type\":\"OpeningHoursSpecification\",\"dayOfWeek\":[\"Monday\",\"Tuesday\",\"Wednesday\",\"Thursday\",\"Friday\"],\"opens\":\"10:00\",\"closes\":\"17:00\"},{\"@type\":\"OpeningHoursSpecification\",\"dayOfWeek\":[\"Saturday\",\"Sunday\"],\"opens\":\"00:00\",\"closes\":\"00:00\"}],\"email\":\"info@propertyforsalegrancanaria.com\",\"priceRange\":\"$\"},{\"@type\":\"PostalAddress\",\"@id\":\"https:\\\/\\\/www.propertyforsalegrancanaria.com\\\/es\\\/noticias-inmobiliarias\\\/#local-main-place-address\",\"streetAddress\":\"CALLE GREEN 1, COMPLEJO MANGOLF VILLAS\",\"addressLocality\":\"SALOBRE GOLF\",\"postalCode\":\"35106\",\"addressRegion\":\"Las Palmas\",\"addressCountry\":\"ES\"},{\"@type\":\"ImageObject\",\"inLanguage\":\"es\",\"@id\":\"https:\\\/\\\/www.propertyforsalegrancanaria.com\\\/es\\\/noticias-inmobiliarias\\\/#local-main-organization-logo\",\"url\":\"https:\\\/\\\/www.propertyforsalegrancanaria.com\\\/wp-content\\\/uploads\\\/2023\\\/05\\\/PROPERTY-1024x768-copia-1.png\",\"contentUrl\":\"https:\\\/\\\/www.propertyforsalegrancanaria.com\\\/wp-content\\\/uploads\\\/2023\\\/05\\\/PROPERTY-1024x768-copia-1.png\",\"width\":1024,\"height\":768,\"caption\":\"property for sale gran canaria\"}]}<\/script>\n<meta name=\"geo.placename\" content=\"SALOBRE GOLF\" \/>\n<meta name=\"geo.position\" content=\"27.784149;-15.650744\" \/>\n<meta name=\"geo.region\" content=\"Espa\u00f1a\" \/>\n<!-- \/ Yoast SEO Premium plugin. -->","yoast_head_json":{"title":"El Blog - Property for sale Gran Canaria","robots":{"index":"index","follow":"follow","max-snippet":"max-snippet:-1","max-image-preview":"max-image-preview:large","max-video-preview":"max-video-preview:-1"},"canonical":"https:\/\/www.propertyforsalegrancanaria.com\/es\/noticias-inmobiliarias\/","og_locale":"es_ES","og_type":"article","og_title":"El Blog","og_description":"Blog Vivienda Vacacional Canarias &#8211; Normativa, Licencias y Consejos para Invertir En este blog encontrar\u00e1s informaci\u00f3n actualizada y profesional sobre el mundo de la Vivienda Vacacional en Canarias. Desde novedades legislativas sobre alquiler tur\u00edstico, pasando por tr\u00e1mites con el SES y Ventanilla \u00danica, hasta consejos operativos para gestionar alquileres de corta duraci\u00f3n. Un punto de [&hellip;]","og_url":"https:\/\/www.propertyforsalegrancanaria.com\/es\/noticias-inmobiliarias\/","og_site_name":"Property for sale Gran Canaria","article_publisher":"https:\/\/www.facebook.com\/DANIELEPICCOLIPROPERTYFORSALEGRANCANARIA","article_modified_time":"2025-05-10T18:05:04+00:00","og_image":[{"width":1152,"height":866,"url":"https:\/\/www.propertyforsalegrancanaria.com\/wp-content\/uploads\/2025\/05\/0ec2fda1-5aad-4432-8cbd-3277e10e3698.webp","type":"image\/webp"}],"twitter_card":"summary_large_image","twitter_misc":{"Tiempo de lectura":"6 minutos"},"schema":{"@context":"https:\/\/schema.org","@graph":[{"@type":"WebPage","@id":"https:\/\/www.propertyforsalegrancanaria.com\/es\/noticias-inmobiliarias\/","url":"https:\/\/www.propertyforsalegrancanaria.com\/es\/noticias-inmobiliarias\/","name":"El Blog - Property for sale Gran Canaria","isPartOf":{"@id":"https:\/\/www.propertyforsalegrancanaria.com\/es\/#website"},"primaryImageOfPage":{"@id":"https:\/\/www.propertyforsalegrancanaria.com\/es\/noticias-inmobiliarias\/#primaryimage"},"image":{"@id":"https:\/\/www.propertyforsalegrancanaria.com\/es\/noticias-inmobiliarias\/#primaryimage"},"thumbnailUrl":"https:\/\/www.propertyforsalegrancanaria.com\/wp-content\/uploads\/2025\/05\/0ec2fda1-5aad-4432-8cbd-3277e10e3698.webp","datePublished":"2025-05-03T09:06:36+00:00","dateModified":"2025-05-10T18:05:04+00:00","breadcrumb":{"@id":"https:\/\/www.propertyforsalegrancanaria.com\/es\/noticias-inmobiliarias\/#breadcrumb"},"inLanguage":"es","potentialAction":[{"@type":"ReadAction","target":["https:\/\/www.propertyforsalegrancanaria.com\/es\/noticias-inmobiliarias\/"]}]},{"@type":"ImageObject","inLanguage":"es","@id":"https:\/\/www.propertyforsalegrancanaria.com\/es\/noticias-inmobiliarias\/#primaryimage","url":"https:\/\/www.propertyforsalegrancanaria.com\/wp-content\/uploads\/2025\/05\/0ec2fda1-5aad-4432-8cbd-3277e10e3698.webp","contentUrl":"https:\/\/www.propertyforsalegrancanaria.com\/wp-content\/uploads\/2025\/05\/0ec2fda1-5aad-4432-8cbd-3277e10e3698.webp","width":1152,"height":866},{"@type":"BreadcrumbList","@id":"https:\/\/www.propertyforsalegrancanaria.com\/es\/noticias-inmobiliarias\/#breadcrumb","itemListElement":[{"@type":"ListItem","position":1,"name":"Home","item":"https:\/\/www.propertyforsalegrancanaria.com\/es\/"},{"@type":"ListItem","position":2,"name":"El Blog"}]},{"@type":"WebSite","@id":"https:\/\/www.propertyforsalegrancanaria.com\/es\/#website","url":"https:\/\/www.propertyforsalegrancanaria.com\/es\/","name":"Property for sale Gran Canaria","description":"Gran Canaria Case Vendita","publisher":{"@id":"https:\/\/www.propertyforsalegrancanaria.com\/es\/#organization"},"alternateName":"Real Estate Gran Canaria","potentialAction":[{"@type":"SearchAction","target":{"@type":"EntryPoint","urlTemplate":"https:\/\/www.propertyforsalegrancanaria.com\/es\/?s={search_term_string}"},"query-input":{"@type":"PropertyValueSpecification","valueRequired":true,"valueName":"search_term_string"}}],"inLanguage":"es"},{"@type":["Organization","Place","RealEstateAgent"],"@id":"https:\/\/www.propertyforsalegrancanaria.com\/es\/#organization","name":"property for sale gran canaria","url":"https:\/\/www.propertyforsalegrancanaria.com\/es\/","logo":{"@id":"https:\/\/www.propertyforsalegrancanaria.com\/es\/noticias-inmobiliarias\/#local-main-organization-logo"},"image":{"@id":"https:\/\/www.propertyforsalegrancanaria.com\/es\/noticias-inmobiliarias\/#local-main-organization-logo"},"sameAs":["https:\/\/www.facebook.com\/DANIELEPICCOLIPROPERTYFORSALEGRANCANARIA"],"address":{"@id":"https:\/\/www.propertyforsalegrancanaria.com\/es\/noticias-inmobiliarias\/#local-main-place-address"},"geo":{"@type":"GeoCoordinates","latitude":"27.784149","longitude":"-15.650744"},"telephone":["+34 635632009","+34 635632009"],"contactPoint":{"@type":"ContactPoint","telephone":"+34 635632009","email":"info@propertyforsalegrancanaria.com"},"openingHoursSpecification":[{"@type":"OpeningHoursSpecification","dayOfWeek":["Monday","Tuesday","Wednesday","Thursday","Friday"],"opens":"10:00","closes":"17:00"},{"@type":"OpeningHoursSpecification","dayOfWeek":["Saturday","Sunday"],"opens":"00:00","closes":"00:00"}],"email":"info@propertyforsalegrancanaria.com","priceRange":"$"},{"@type":"PostalAddress","@id":"https:\/\/www.propertyforsalegrancanaria.com\/es\/noticias-inmobiliarias\/#local-main-place-address","streetAddress":"CALLE GREEN 1, COMPLEJO MANGOLF VILLAS","addressLocality":"SALOBRE GOLF","postalCode":"35106","addressRegion":"Las Palmas","addressCountry":"ES"},{"@type":"ImageObject","inLanguage":"es","@id":"https:\/\/www.propertyforsalegrancanaria.com\/es\/noticias-inmobiliarias\/#local-main-organization-logo","url":"https:\/\/www.propertyforsalegrancanaria.com\/wp-content\/uploads\/2023\/05\/PROPERTY-1024x768-copia-1.png","contentUrl":"https:\/\/www.propertyforsalegrancanaria.com\/wp-content\/uploads\/2023\/05\/PROPERTY-1024x768-copia-1.png","width":1024,"height":768,"caption":"property for sale gran canaria"}]},"geo.placename":"SALOBRE GOLF","geo.position":{"lat":"27.784149","long":"-15.650744"},"geo.region":"Espa\u00f1a"},"_links":{"self":[{"href":"https:\/\/www.propertyforsalegrancanaria.com\/es\/wp-json\/wp\/v2\/pages\/52877","targetHints":{"allow":["GET"]}}],"collection":[{"href":"https:\/\/www.propertyforsalegrancanaria.com\/es\/wp-json\/wp\/v2\/pages"}],"about":[{"href":"https:\/\/www.propertyforsalegrancanaria.com\/es\/wp-json\/wp\/v2\/types\/page"}],"author":[{"embeddable":true,"href":"https:\/\/www.propertyforsalegrancanaria.com\/es\/wp-json\/wp\/v2\/users\/1"}],"replies":[{"embeddable":true,"href":"https:\/\/www.propertyforsalegrancanaria.com\/es\/wp-json\/wp\/v2\/comments?post=52877"}],"version-history":[{"count":9,"href":"https:\/\/www.propertyforsalegrancanaria.com\/es\/wp-json\/wp\/v2\/pages\/52877\/revisions"}],"predecessor-version":[{"id":53863,"href":"https:\/\/www.propertyforsalegrancanaria.com\/es\/wp-json\/wp\/v2\/pages\/52877\/revisions\/53863"}],"wp:featuredmedia":[{"embeddable":true,"href":"https:\/\/www.propertyforsalegrancanaria.com\/es\/wp-json\/wp\/v2\/media\/52940"}],"wp:attachment":[{"href":"https:\/\/www.propertyforsalegrancanaria.com\/es\/wp-json\/wp\/v2\/media?parent=52877"}],"curies":[{"name":"wp","href":"https:\/\/api.w.org\/{rel}","templated":true}]}}